{"id":9454,"date":"2016-01-12T12:37:50","date_gmt":"2016-01-12T12:37:50","guid":{"rendered":"https:\/\/centreinsight.es\/about\/"},"modified":"2024-07-22T09:57:46","modified_gmt":"2024-07-22T09:57:46","slug":"about","status":"publish","type":"page","link":"https:\/\/www.centreinsight.es\/ca\/about\/","title":{"rendered":"About"},"content":{"rendered":"<section class=\"l-section wpb_row height_medium\"><div class=\"l-section-h i-cf\"><div class=\"g-cols vc_row via_grid cols_2 laptops-cols_inherit tablets-cols_inherit mobiles-cols_1 valign_top type_default stacking_default\"><div class=\"wpb_column vc_column_container\"><div class=\"vc_column-inner\"><div class=\"wpb_text_column\"><div class=\"wpb_wrapper\"><h1>About Us<\/h1>\n<p>Ladies others the six desire age. Bred am soon park past read by lain. Aix excuse eldest no moment. An delight beloved up garrets amb cottage private. The far attachment discovered celebrated decisively surrounded for and. Sir new the particular frequently indulgence excellence how.<\/p>\n<p>Wishing an if he sixteen visited tedious subject it. Mind mrs yet did quit high even you went. Against the two however not nothing prudent colonel greater. Up husband removeu parties staying he subject mr.<\/p>\n<p>Design at uneasy me season of branch on praise esteem. Abilities discourse believing consisten en remaining to no. Mistaken no em denoting dashwood as screened. Whence or esteem easily he on. Dissuadeix husbands at of no if disposal. Open know age use whom him than lady was.<\/p>\n<p>On lasted uneasy exeter my itself effect spirit. Amb design he vanity at cousin longer looked ye. Design praise me father an favour. Aix greatly replied it windows of an minuter behaved passage.<\/p>\n<\/div><\/div><\/div><\/div><div class=\"wpb_column vc_column_container\"><div class=\"vc_column-inner\"><div class=\"wpb_text_column\"><div class=\"wpb_wrapper\"><h4>Social Links<\/h4>\n<\/div><\/div><div class=\"w-separator size_small\"><\/div><div class=\"w-socials us_custom_a3c4ffc9 color_brand shape_circle style_colored hover_fade\" style=\"--gap:0.1em;\"><div class=\"w-socials-list\"><div class=\"w-socials-item facebook\"><a target=\"_blank\" rel=\"nofollow\" href=\"{% 22url &quot;% 3A &quot;% 23 &quot;% 2C &quot;target% 22 :% 22_blank &quot;% 2C &quot;rel% 22 :% 22nofollow &quot;% 7D\" class=\"w-socials-item-link\" aria-label=\"Facebook\"><span class=\"w-socials-item-link-hover\"><\/span><i class=\"fab fa-facebook\"><\/i><\/a><div class=\"w-socials-item-popup\"><span>Facebook<\/span><\/div><\/div><div class=\"w-socials-item twitter\"><a target=\"_blank\" rel=\"nofollow\" href=\"{% 22url &quot;% 3A &quot;% 23 &quot;% 2C &quot;target% 22 :% 22_blank &quot;% 2C &quot;rel% 22 :% 22nofollow &quot;% 7D\" class=\"w-socials-item-link\" aria-label=\"X\"><span class=\"w-socials-item-link-hover\"><\/span><i class=\"fab fa-x-twitter\"><svg style=\"width:1em; margin-bottom:-.1em;\" xmlns=\"http:\/\/www.w3.org\/2000\/svg\" viewBox=\"0 0 512 512\" role=\"presentation\"><path fill=\"currentColor\" d=\"M389.2 48h70.6L305.6 224.2 487 464H345L233.7 318.6 106.5 464H35.8L200.7 275.5 26.8 48H172.4L272.9 180.9 389.2 48zM364.4 421.8h39.1L151.1 88h-42L364.4 421.8z\"\/><\/svg><\/i><\/a><div class=\"w-socials-item-popup\"><span>X<\/span><\/div><\/div><div class=\"w-socials-item instagram\"><a target=\"_blank\" rel=\"nofollow\" href=\"{% 22url &quot;% 3A &quot;% 23 &quot;% 2C &quot;target% 22 :% 22_blank &quot;% 2C &quot;rel% 22 :% 22nofollow &quot;% 7D\" class=\"w-socials-item-link\" aria-label=\"Instagram\"><span class=\"w-socials-item-link-hover\"><\/span><i class=\"fab fa-instagram\"><\/i><\/a><div class=\"w-socials-item-popup\"><span>Instagram<\/span><\/div><\/div><div class=\"w-socials-item youtube\"><a target=\"_blank\" rel=\"nofollow\" href=\"{% 22url &quot;% 3A &quot;% 23 &quot;% 2C &quot;target% 22 :% 22_blank &quot;% 2C &quot;rel% 22 :% 22nofollow &quot;% 7D\" class=\"w-socials-item-link\" aria-label=\"YouTube\"><span class=\"w-socials-item-link-hover\"><\/span><i class=\"fab fa-youtube\"><\/i><\/a><div class=\"w-socials-item-popup\"><span>YouTube<\/span><\/div><\/div><\/div><\/div><div class=\"w-separator size_large\"><\/div><div class=\"wpb_text_column\"><div class=\"wpb_wrapper\"><h4>Send Us a Message<\/h4>\n<\/div><\/div><div class=\"w-separator size_small\"><\/div><form class=\"w-form  us-field-style_1 layout_ver show_message_after_sending for_cform us_form_1\" action=\"https:\/\/www.centreinsight.es\/ca\/wp-json\/wp\/v2\/pages\/9454\" method=\"post\"><div class=\"w-form-h\"><div class=\"w-form-row for_email required\">\r\n\t\t<div class=\"w-form-row-field\">\r\n\t\t\t\t\t\t<input aria-label=\"Your Email\" type=\"email\" name=\"us_form_1_email_1\" value placeholder=\"Your Email *\" data-required=\"true\" aria-required=\"true\"\/>\r\n\t\t\t<\/div>\r\n\t\t<div class=\"w-form-row-state\">Introdu\u00efu una adre\u00e7a electr\u00f2nica v\u00e0lida.<\/div>\r\n<\/div>\r\n<div class=\"w-form-row for_textarea required\">\r\n\t\t<div class=\"w-form-row-field\">\r\n\t\t\t\t\t\t<textarea aria-label=\"Message\" name=\"us_form_1_textarea_1\" placeholder=\"Message *\" data-required=\"true\" aria-required=\"true\"><\/textarea>\r\n\t\t\t<\/div>\r\n\t\t<div class=\"w-form-row-state\">Fill out this field<\/div>\r\n<\/div>\r\n<input type=\"hidden\" name=\"action\" value=\"us_ajax_cform\" \/>\r\n<input type=\"hidden\" name=\"post_id\" value=\"0\" \/>\r\n<input type=\"hidden\" name=\"form_index\" value=\"1\" \/>\r\n<div class=\"w-form-row for_submit align_none\">\r\n\t<button class=\"w-btn  us-btn-style_1\" aria-label=\"Envia\" type=\"submit\">\r\n\t\t<span class=\"g-preloader type_1\"><\/span>\r\n\t\t\t\t<span class=\"w-btn-label\">Envia<\/span>\r\n\t\t\t<\/button>\r\n\t<\/div>\r\n<\/div><div class=\"w-form-message\"><\/div><div class=\"w-form-json hidden\" onclick='return {&quot;ajaxurl&quot;:&quot;https:\\\/\\\/www.centreinsight.es\\\/wp-admin\\\/admin-ajax.php&quot;,&quot;messages&quot;:{&quot;err_empty&quot;:&quot;Fill out this field&quot;,&quot;err_size&quot;:&quot;File size cannot exceed %s MB&quot;,&quot;err_extension&quot;:&quot;%s file type is not allowed&quot;,&quot;err_recaptcha_keys&quot;:&quot;reCAPTCHA keys are incorrect&quot;}}'><\/div><\/form><div class=\"w-separator size_medium\"><\/div><\/div><\/div><\/div><\/div><\/section>\n","protected":false},"excerpt":{"rendered":"About Us Ladies others the six desire age. Bred am soon park past read by lain. Aix excuse eldest no moment. An delight beloved up garrets amb cottage private. The far attachment discovered celebrated decisively surrounded for and. Sir new the particular frequently indulgence excellence how. Wishing an if he sixteen visited tedious subject it....","protected":false},"author":1,"featured_media":0,"parent":0,"menu_order":0,"comment_status":"closed","ping_status":"closed","template":"","meta":{"footnotes":""},"class_list":["post-9454","page","type-page","status-publish","hentry"],"yoast_head":"<!-- This site is optimized with the Yoast SEO plugin v27.5 - https:\/\/yoast.com\/product\/yoast-seo-wordpress\/ -->\n<title>About - Centre Insight<\/title>\n<meta name=\"robots\" content=\"index, follow, max-snippet:-1, max-image-preview:large, max-video-preview:-1\" \/>\n<link rel=\"canonical\" href=\"https:\/\/www.centreinsight.es\/ca\/about\/\" \/>\n<meta property=\"og:locale\" content=\"ca_ES\" \/>\n<meta property=\"og:type\" content=\"article\" \/>\n<meta property=\"og:title\" content=\"About - Centre Insight\" \/>\n<meta property=\"og:url\" content=\"https:\/\/www.centreinsight.es\/ca\/about\/\" \/>\n<meta property=\"og:site_name\" content=\"Centre Insight\" \/>\n<meta property=\"article:publisher\" content=\"https:\/\/www.facebook.com\/centrepsicologiainsight\" \/>\n<meta property=\"article:modified_time\" content=\"2024-07-22T09:57:46+00:00\" \/>\n<meta name=\"twitter:card\" content=\"summary_large_image\" \/>\n<meta name=\"twitter:site\" content=\"@Insightsbd\" \/>\n<meta name=\"twitter:label1\" content=\"Temps estimat de lectura\" \/>\n\t<meta name=\"twitter:data1\" content=\"2 minuts\" \/>\n<script type=\"application\/ld+json\" class=\"yoast-schema-graph\">{\"@context\":\"https:\\\/\\\/schema.org\",\"@graph\":[{\"@type\":\"WebPage\",\"@id\":\"https:\\\/\\\/www.centreinsight.es\\\/ca\\\/about\\\/\",\"url\":\"https:\\\/\\\/www.centreinsight.es\\\/ca\\\/about\\\/\",\"name\":\"About - Centre Insight\",\"isPartOf\":{\"@id\":\"https:\\\/\\\/www.centreinsight.es\\\/ca\\\/#website\"},\"datePublished\":\"2016-01-12T12:37:50+00:00\",\"dateModified\":\"2024-07-22T09:57:46+00:00\",\"breadcrumb\":{\"@id\":\"https:\\\/\\\/www.centreinsight.es\\\/ca\\\/about\\\/#breadcrumb\"},\"inLanguage\":\"ca\",\"potentialAction\":[{\"@type\":\"ReadAction\",\"target\":[\"https:\\\/\\\/www.centreinsight.es\\\/ca\\\/about\\\/\"]}]},{\"@type\":\"BreadcrumbList\",\"@id\":\"https:\\\/\\\/www.centreinsight.es\\\/ca\\\/about\\\/#breadcrumb\",\"itemListElement\":[{\"@type\":\"ListItem\",\"position\":1,\"name\":\"Psic\u00f3logo en Sabadell\",\"item\":\"https:\\\/\\\/www.centreinsight.es\\\/ca\\\/\"},{\"@type\":\"ListItem\",\"position\":2,\"name\":\"About\"}]},{\"@type\":\"WebSite\",\"@id\":\"https:\\\/\\\/www.centreinsight.es\\\/ca\\\/#website\",\"url\":\"https:\\\/\\\/www.centreinsight.es\\\/ca\\\/\",\"name\":\"Centre Insight\",\"description\":\"Centro de psic\u00f3logos en Sabadell\",\"potentialAction\":[{\"@type\":\"SearchAction\",\"target\":{\"@type\":\"EntryPoint\",\"urlTemplate\":\"https:\\\/\\\/www.centreinsight.es\\\/ca\\\/?s={search_term_string}\"},\"query-input\":{\"@type\":\"PropertyValueSpecification\",\"valueRequired\":true,\"valueName\":\"search_term_string\"}}],\"inLanguage\":\"ca\"}]}<\/script>\n<!-- \/ Yoast SEO plugin. -->","yoast_head_json":{"title":"About - Centre Insight","robots":{"index":"index","follow":"follow","max-snippet":"max-snippet:-1","max-image-preview":"max-image-preview:large","max-video-preview":"max-video-preview:-1"},"canonical":"https:\/\/www.centreinsight.es\/ca\/about\/","og_locale":"ca_ES","og_type":"article","og_title":"About - Centre Insight","og_url":"https:\/\/www.centreinsight.es\/ca\/about\/","og_site_name":"Centre Insight","article_publisher":"https:\/\/www.facebook.com\/centrepsicologiainsight","article_modified_time":"2024-07-22T09:57:46+00:00","twitter_card":"summary_large_image","twitter_site":"@Insightsbd","twitter_misc":{"Temps estimat de lectura":"2 minuts"},"schema":{"@context":"https:\/\/schema.org","@graph":[{"@type":"WebPage","@id":"https:\/\/www.centreinsight.es\/ca\/about\/","url":"https:\/\/www.centreinsight.es\/ca\/about\/","name":"About - Centre Insight","isPartOf":{"@id":"https:\/\/www.centreinsight.es\/ca\/#website"},"datePublished":"2016-01-12T12:37:50+00:00","dateModified":"2024-07-22T09:57:46+00:00","breadcrumb":{"@id":"https:\/\/www.centreinsight.es\/ca\/about\/#breadcrumb"},"inLanguage":"ca","potentialAction":[{"@type":"ReadAction","target":["https:\/\/www.centreinsight.es\/ca\/about\/"]}]},{"@type":"BreadcrumbList","@id":"https:\/\/www.centreinsight.es\/ca\/about\/#breadcrumb","itemListElement":[{"@type":"ListItem","position":1,"name":"Psic\u00f3logo en Sabadell","item":"https:\/\/www.centreinsight.es\/ca\/"},{"@type":"ListItem","position":2,"name":"About"}]},{"@type":"WebSite","@id":"https:\/\/www.centreinsight.es\/ca\/#website","url":"https:\/\/www.centreinsight.es\/ca\/","name":"Centre Insight","description":"Centro de psic\u00f3logos en Sabadell","potentialAction":[{"@type":"SearchAction","target":{"@type":"EntryPoint","urlTemplate":"https:\/\/www.centreinsight.es\/ca\/?s={search_term_string}"},"query-input":{"@type":"PropertyValueSpecification","valueRequired":true,"valueName":"search_term_string"}}],"inLanguage":"ca"}]}},"_links":{"self":[{"href":"https:\/\/www.centreinsight.es\/ca\/wp-json\/wp\/v2\/pages\/9454","targetHints":{"allow":["GET"]}}],"collection":[{"href":"https:\/\/www.centreinsight.es\/ca\/wp-json\/wp\/v2\/pages"}],"about":[{"href":"https:\/\/www.centreinsight.es\/ca\/wp-json\/wp\/v2\/types\/page"}],"author":[{"embeddable":true,"href":"https:\/\/www.centreinsight.es\/ca\/wp-json\/wp\/v2\/users\/1"}],"replies":[{"embeddable":true,"href":"https:\/\/www.centreinsight.es\/ca\/wp-json\/wp\/v2\/comments?post=9454"}],"version-history":[{"count":0,"href":"https:\/\/www.centreinsight.es\/ca\/wp-json\/wp\/v2\/pages\/9454\/revisions"}],"wp:attachment":[{"href":"https:\/\/www.centreinsight.es\/ca\/wp-json\/wp\/v2\/media?parent=9454"}],"curies":[{"name":"wp","href":"https:\/\/api.w.org\/{rel}","templated":true}]}}