{"id":9680,"date":"2024-07-03T10:18:16","date_gmt":"2024-07-03T10:18:16","guid":{"rendered":"https:\/\/centreinsight.es\/terapia-online-com-funciona\/"},"modified":"2026-02-09T11:14:10","modified_gmt":"2026-02-09T11:14:10","slug":"terapia-online-com-funciona","status":"publish","type":"page","link":"https:\/\/www.centreinsight.es\/ca\/terapia-online-com-funciona\/","title":{"rendered":"Ter\u00e0pia Online, Com funciona?"},"content":{"rendered":"<section class=\"l-section wpb_row us_custom_11150faf height_small color_primary\"><div class=\"l-section-overlay\" style=\"background:var(--color-header-top-transparent-bg)\"><\/div><div class=\"l-section-h i-cf\"><div class=\"g-cols vc_row via_grid cols_1 laptops-cols_inherit tablets-cols_inherit mobiles-cols_1 valign_top type_default stacking_default\"><div class=\"wpb_column vc_column_container us_custom_d2199d32\"><div class=\"vc_column-inner\"><div class=\"w-separator size_small\"><\/div><div class=\"wpb_text_column\"><div class=\"wpb_wrapper\"><h1 style=\"text-align: center;\">Ter\u00e0pia Online, Com funciona?<\/h1>\n<\/div><\/div><div class=\"w-separator size_medium\"><\/div><div class=\"w-html\"><script defer async src='https:\/\/cdn.trustindex.io\/loader.js?15a22d1648f6364ca716ad684ed'><\/script><\/div><div class=\"w-btn-wrapper align_center\"><a class=\"w-btn us-btn-style_1\" href=\"https:\/\/centreinsight.es\/contacto\/\"><span class=\"w-btn-label\">Demanar cita amb els nostres psic\u00f2legs<\/span><\/a><\/div><\/div><\/div><\/div><\/div><\/section><section class=\"l-section wpb_row height_small\"><div class=\"l-section-h i-cf\"><div class=\"g-cols vc_row via_grid cols_2 laptops-cols_inherit tablets-cols_inherit mobiles-cols_1 valign_top type_default stacking_default\"><div class=\"wpb_column vc_column_container\"><div class=\"vc_column-inner\"><div class=\"w-separator size_medium\"><\/div><div class=\"wpb_text_column\"><div class=\"wpb_wrapper\"><h2>Tens preguntes?<\/h2>\n<p>Valorat amb  <i class=\"fas fa-star\" style=\"color: #e3e30e;\"><\/i><i class=\"fas fa-star\" style=\"color: #e3e30e;\"><\/i><i class=\"fas fa-star\" style=\"color: #e3e30e;\"><i class=\"fas fa-star\" style=\"color: #e3e30e;\"><\/i><\/i><i class=\"fas fa-star\" style=\"color: #e3e30e;\"><\/i>(+ de <strong>90 ressenyes a Google<\/strong> ).<\/p>\n<p>A Psicologia InSight Sabadell estarem encantats d&#8217;ajudar-te. Intentarem resoldre tots els teus dubtes<\/p>\n<div class=\"elementor-column elementor-col-50 elementor-inner-column elementor-element elementor-element-6fc1f8be\" data-id=\"6fc1f8be\" data-element_type=\"column\">\n<div class=\"elementor-column-wrap\"><\/div>\n<\/div>\n<\/div><\/div><div class=\"w-image align_none\"><div class=\"w-image-h\"><img decoding=\"async\" width=\"1024\" height=\"512\" src=\"https:\/\/www.centreinsight.es\/wp-content\/uploads\/2024\/07\/terapia-presencial-sabadell-1024x512.jpg\" class=\"attachment-large size-large\" alt=\"\" loading=\"lazy\" srcset=\"https:\/\/www.centreinsight.es\/wp-content\/uploads\/2024\/07\/terapia-presencial-sabadell-1024x512.jpg 1024w, https:\/\/www.centreinsight.es\/wp-content\/uploads\/2024\/07\/terapia-presencial-sabadell-300x150.jpg 300w, https:\/\/www.centreinsight.es\/wp-content\/uploads\/2024\/07\/terapia-presencial-sabadell.jpg 1140w\" sizes=\"auto, (max-width: 1024px) 100vw, 1024px\" \/><\/div><\/div><\/div><\/div><div class=\"wpb_column vc_column_container\"><div class=\"vc_column-inner\"><div class=\"w-separator size_medium\"><\/div><div class=\"wpb_text_column\"><div class=\"wpb_wrapper\"><h2>Contacta amb nosaltres<\/h2>\n<\/div><\/div><div class=\"w-separator size_small\"><\/div><div class=\"w-html\">\n<div class=\"wpcf7 no-js\" id=\"wpcf7-f9500-o1\" lang=\"ca\" dir=\"ltr\" data-wpcf7-id=\"9500\">\n<div class=\"screen-reader-response\"><p role=\"status\" aria-live=\"polite\" aria-atomic=\"true\"><\/p> <ul><\/ul><\/div>\n<form action=\"\/ca\/wp-json\/wp\/v2\/pages\/9680#wpcf7-f9500-o1\" method=\"post\" class=\"wpcf7-form init\" aria-label=\"Formulari de contacte\" novalidate=\"novalidate\" data-status=\"init\">\n<fieldset class=\"hidden-fields-container\"><input type=\"hidden\" name=\"_wpcf7\" value=\"9500\" \/><input type=\"hidden\" name=\"_wpcf7_version\" value=\"6.1.5\" \/><input type=\"hidden\" name=\"_wpcf7_locale\" value=\"ca\" \/><input type=\"hidden\" name=\"_wpcf7_unit_tag\" value=\"wpcf7-f9500-o1\" \/><input type=\"hidden\" name=\"_wpcf7_container_post\" value=\"0\" \/><input type=\"hidden\" name=\"_wpcf7_posted_data_hash\" value=\"\" \/>\n<\/fieldset>\n<p><label> El teu nom <span class=\"wpcf7-form-control-wrap\" data-name=\"your-name\"><input size=\"40\" maxlength=\"400\" class=\"wpcf7-form-control wpcf7-text wpcf7-validates-as-required\" autocomplete=\"name\" aria-required=\"true\" aria-invalid=\"false\" value=\"\" type=\"text\" name=\"your-name\" \/><\/span> <\/label>\n<\/p>\n<p><label> El teu correu electr\u00f2nic <span class=\"wpcf7-form-control-wrap\" data-name=\"your-email\"><input size=\"40\" maxlength=\"400\" class=\"wpcf7-form-control wpcf7-email wpcf7-validates-as-required wpcf7-text wpcf7-validates-as-email\" autocomplete=\"email\" aria-required=\"true\" aria-invalid=\"false\" value=\"\" type=\"email\" name=\"your-email\" \/><\/span> <\/label>\n<\/p>\n<p><label> El teu missatge (opcional) <span class=\"wpcf7-form-control-wrap\" data-name=\"your-message\"><textarea cols=\"40\" rows=\"10\" maxlength=\"2000\" class=\"wpcf7-form-control wpcf7-textarea\" aria-invalid=\"false\" name=\"your-message\"><\/textarea><\/span> <\/label>\n<\/p>\n<p><input class=\"wpcf7-form-control wpcf7-submit has-spinner\" type=\"submit\" value=\"Enviar\" \/>\n<\/p><div class=\"wpcf7-response-output\" aria-hidden=\"true\"><\/div>\n<\/form>\n<\/div>\n<\/div><\/div><\/div><\/div><\/div><\/section><section class=\"l-section wpb_row us_custom_2c4f4a12 height_auto width_full\"><div class=\"l-section-h i-cf\"><div class=\"g-cols vc_row via_grid cols_2 laptops-cols_inherit tablets-cols_1 mobiles-cols_1 valign_top type_default stacking_default\" style=\"--columns-gap:0rem;\"><div class=\"wpb_column vc_column_container us_custom_13cdeaad hide_on_tablets hide_on_mobiles has_bg_color\"><div class=\"vc_column-inner\"><div class=\"wpb_text_column us_custom_bb76393d\"><div class=\"wpb_wrapper\"><h3 class=\"elementor-icon-box-title\">\u00c9s igual d&#8217;efica\u00e7 la ter\u00e0pia en l\u00ednia?<\/h3>\n<p class=\"elementor-icon-box-description\">S\u00ed. La psicoter\u00e0pia en l\u00ednia \u00e9s efica\u00e7 per al teu problema. Si a la primera visita gratu\u00efta vei\u00e9s que aquest m\u00e8tode no \u00e9s adequat per a tu, t&#8217;ho faria saber i et proporcionaria una alternativa.<\/p>\n<\/div><\/div><div class=\"w-separator size_small\"><\/div><div class=\"wpb_text_column us_custom_bb76393d\"><div class=\"wpb_wrapper\"><h3 class=\"elementor-icon-box-title\">Per qu\u00e8 \u00e9s m\u00e9s barat?<\/h3>\n<p class=\"elementor-icon-box-description\">L&#8217;estalvi del cost t&#8217;ho estalvies en el preu de la ter\u00e0pia.<\/p>\n<\/div><\/div><div class=\"w-separator size_small\"><\/div><div class=\"wpb_text_column us_custom_bb76393d\"><div class=\"wpb_wrapper\"><h3 class=\"elementor-icon-box-title\">Qu\u00e8 necessito per fer ter\u00e0pia en l\u00ednia?<\/h3>\n<p class=\"elementor-icon-box-description\">Necessites un ordinador de sobretaula amb webcam, un port\u00e0til, una tauleta o un tel\u00e8fon m\u00f2bil amb el programa Skype instal\u00b7lat per a m\u00e9s privadesa.<\/p>\n<\/div><\/div><\/div><\/div><div class=\"wpb_column vc_column_container\"><div class=\"vc_column-inner\"><div class=\"wpb_text_column us_custom_bb76393d\"><div class=\"wpb_wrapper\"><h3 class=\"elementor-icon-box-title\">Si faig la primera visita, he de seguir amb la ter\u00e0pia?<\/h3>\n<p class=\"elementor-icon-box-description\">No. La primera visita \u00e9s de valoraci\u00f3 i gratu\u00efta. El feeling entre psic\u00f2leg i client \u00e9s essencial per a una ter\u00e0pia exitosa. Si no vols seguir, no segueixes i la primera visita continua sent gratu\u00efta.<\/p>\n<\/div><\/div><div class=\"w-separator size_small\"><\/div><div class=\"wpb_text_column us_custom_bb76393d\"><div class=\"wpb_wrapper\"><h3 class=\"elementor-icon-box-title\">Quins avantatges t\u00e9 fer ter\u00e0pia aix\u00ed?<\/h3>\n<p class=\"elementor-icon-box-description\">Tens molts avantatges: Estalvi de temps. No t&#8217;has de despla\u00e7ar fins a la consulta. &#8211; M\u00e0xima flexibilitat hor\u00e0ria adaptada a la teva vida personal i laboral. &#8211; Estalvi econ\u00f2mic. &#8211; Continu\u00eftat a la ter\u00e0pia si has de sortir de viatge per qualsevol motiu, o en cas de problemes de salut amb impossibilitat de sortir de casa. &#8211; Seguretat sanit\u00e0ria per Covid-19.<\/p>\n<\/div><\/div><\/div><\/div><\/div><\/div><\/section><section class=\"l-section wpb_row height_small\"><div class=\"l-section-h i-cf\"><div class=\"g-cols vc_row via_grid cols_1 laptops-cols_inherit tablets-cols_inherit mobiles-cols_1 valign_top type_default stacking_default\"><div class=\"wpb_column vc_column_container\"><div class=\"vc_column-inner\"><div class=\"wpb_text_column\"><div class=\"wpb_wrapper\"><h2 style=\"text-align: center;\">Qu\u00e8 opinen els nostres pacients?<\/h2>\n<\/div><\/div><div class=\"w-separator size_medium\"><\/div><div class=\"w-html\"><script defer async src='https:\/\/cdn.trustindex.io\/loader.js?ef1ec7a645aa37231186a7e2c17'><\/script><\/div><\/div><\/div><\/div><\/div><\/section>\n","protected":false},"excerpt":{"rendered":"Ter\u00e0pia Online, Com funciona? Demanar cita amb els nostres psic\u00f2legsTens preguntes? Valorat amb (+ de 90 ressenyes a Google ). A Psicologia InSight Sabadell estarem encantats d&#8217;ajudar-te. Intentarem resoldre tots els teus dubtes Contacta amb nosaltres El teu nom El teu correu electr\u00f2nic El teu missatge (opcional) \u00c9s igual d&#8217;efica\u00e7 la ter\u00e0pia en l\u00ednia? S\u00ed....","protected":false},"author":1,"featured_media":0,"parent":0,"menu_order":0,"comment_status":"closed","ping_status":"closed","template":"","meta":{"footnotes":""},"class_list":["post-9680","page","type-page","status-publish","hentry"],"yoast_head":"<!-- This site is optimized with the Yoast SEO plugin v27.4 - https:\/\/yoast.com\/product\/yoast-seo-wordpress\/ -->\n<title>Ter\u00e0pia online - Psicologia InSight Sabadell<\/title>\n<meta name=\"description\" content=\"Ter\u00e0pia online de psicologia a Sabadell. Ter\u00e0pia dadults i ter\u00e0pia de parella. Ansietat, depressi\u00f3. Psicologia InSight Sabadell.\" \/>\n<meta name=\"robots\" content=\"index, follow, max-snippet:-1, max-image-preview:large, max-video-preview:-1\" \/>\n<link rel=\"canonical\" href=\"https:\/\/www.centreinsight.es\/ca\/terapia-online-com-funciona\/\" \/>\n<meta property=\"og:locale\" content=\"ca_ES\" \/>\n<meta property=\"og:type\" content=\"article\" \/>\n<meta property=\"og:title\" content=\"Ter\u00e0pia online - Psicologia InSight Sabadell\" \/>\n<meta property=\"og:description\" content=\"Ter\u00e0pia online de psicologia a Sabadell. Ter\u00e0pia dadults i ter\u00e0pia de parella. Ansietat, depressi\u00f3. Psicologia InSight Sabadell.\" \/>\n<meta property=\"og:url\" content=\"https:\/\/www.centreinsight.es\/ca\/terapia-online-com-funciona\/\" \/>\n<meta property=\"og:site_name\" content=\"Centre Insight\" \/>\n<meta property=\"article:publisher\" content=\"https:\/\/www.facebook.com\/centrepsicologiainsight\" \/>\n<meta property=\"article:modified_time\" content=\"2026-02-09T11:14:10+00:00\" \/>\n<meta name=\"twitter:card\" content=\"summary_large_image\" \/>\n<meta name=\"twitter:site\" content=\"@Insightsbd\" \/>\n<meta name=\"twitter:label1\" content=\"Temps estimat de lectura\" \/>\n\t<meta name=\"twitter:data1\" content=\"4 minuts\" \/>\n<script type=\"application\/ld+json\" class=\"yoast-schema-graph\">{\"@context\":\"https:\\\/\\\/schema.org\",\"@graph\":[{\"@type\":\"WebPage\",\"@id\":\"https:\\\/\\\/www.centreinsight.es\\\/ca\\\/terapia-online-com-funciona\\\/\",\"url\":\"https:\\\/\\\/www.centreinsight.es\\\/ca\\\/terapia-online-com-funciona\\\/\",\"name\":\"Ter\u00e0pia online - Psicologia InSight Sabadell\",\"isPartOf\":{\"@id\":\"https:\\\/\\\/www.centreinsight.es\\\/ca\\\/#website\"},\"datePublished\":\"2024-07-03T10:18:16+00:00\",\"dateModified\":\"2026-02-09T11:14:10+00:00\",\"description\":\"Ter\u00e0pia online de psicologia a Sabadell. Ter\u00e0pia dadults i ter\u00e0pia de parella. Ansietat, depressi\u00f3. Psicologia InSight Sabadell.\",\"breadcrumb\":{\"@id\":\"https:\\\/\\\/www.centreinsight.es\\\/ca\\\/terapia-online-com-funciona\\\/#breadcrumb\"},\"inLanguage\":\"ca\",\"potentialAction\":[{\"@type\":\"ReadAction\",\"target\":[\"https:\\\/\\\/www.centreinsight.es\\\/ca\\\/terapia-online-com-funciona\\\/\"]}]},{\"@type\":\"BreadcrumbList\",\"@id\":\"https:\\\/\\\/www.centreinsight.es\\\/ca\\\/terapia-online-com-funciona\\\/#breadcrumb\",\"itemListElement\":[{\"@type\":\"ListItem\",\"position\":1,\"name\":\"Psic\u00f3logo en Sabadell\",\"item\":\"https:\\\/\\\/www.centreinsight.es\\\/ca\\\/\"},{\"@type\":\"ListItem\",\"position\":2,\"name\":\"Ter\u00e0pia Online, Com funciona?\"}]},{\"@type\":\"WebSite\",\"@id\":\"https:\\\/\\\/www.centreinsight.es\\\/ca\\\/#website\",\"url\":\"https:\\\/\\\/www.centreinsight.es\\\/ca\\\/\",\"name\":\"Centre Insight\",\"description\":\"Centro de psic\u00f3logos en Sabadell\",\"potentialAction\":[{\"@type\":\"SearchAction\",\"target\":{\"@type\":\"EntryPoint\",\"urlTemplate\":\"https:\\\/\\\/www.centreinsight.es\\\/ca\\\/?s={search_term_string}\"},\"query-input\":{\"@type\":\"PropertyValueSpecification\",\"valueRequired\":true,\"valueName\":\"search_term_string\"}}],\"inLanguage\":\"ca\"}]}<\/script>\n<!-- \/ Yoast SEO plugin. -->","yoast_head_json":{"title":"Ter\u00e0pia online - Psicologia InSight Sabadell","description":"Ter\u00e0pia online de psicologia a Sabadell. Ter\u00e0pia dadults i ter\u00e0pia de parella. Ansietat, depressi\u00f3. Psicologia InSight Sabadell.","robots":{"index":"index","follow":"follow","max-snippet":"max-snippet:-1","max-image-preview":"max-image-preview:large","max-video-preview":"max-video-preview:-1"},"canonical":"https:\/\/www.centreinsight.es\/ca\/terapia-online-com-funciona\/","og_locale":"ca_ES","og_type":"article","og_title":"Ter\u00e0pia online - Psicologia InSight Sabadell","og_description":"Ter\u00e0pia online de psicologia a Sabadell. Ter\u00e0pia dadults i ter\u00e0pia de parella. Ansietat, depressi\u00f3. Psicologia InSight Sabadell.","og_url":"https:\/\/www.centreinsight.es\/ca\/terapia-online-com-funciona\/","og_site_name":"Centre Insight","article_publisher":"https:\/\/www.facebook.com\/centrepsicologiainsight","article_modified_time":"2026-02-09T11:14:10+00:00","twitter_card":"summary_large_image","twitter_site":"@Insightsbd","twitter_misc":{"Temps estimat de lectura":"4 minuts"},"schema":{"@context":"https:\/\/schema.org","@graph":[{"@type":"WebPage","@id":"https:\/\/www.centreinsight.es\/ca\/terapia-online-com-funciona\/","url":"https:\/\/www.centreinsight.es\/ca\/terapia-online-com-funciona\/","name":"Ter\u00e0pia online - Psicologia InSight Sabadell","isPartOf":{"@id":"https:\/\/www.centreinsight.es\/ca\/#website"},"datePublished":"2024-07-03T10:18:16+00:00","dateModified":"2026-02-09T11:14:10+00:00","description":"Ter\u00e0pia online de psicologia a Sabadell. Ter\u00e0pia dadults i ter\u00e0pia de parella. Ansietat, depressi\u00f3. Psicologia InSight Sabadell.","breadcrumb":{"@id":"https:\/\/www.centreinsight.es\/ca\/terapia-online-com-funciona\/#breadcrumb"},"inLanguage":"ca","potentialAction":[{"@type":"ReadAction","target":["https:\/\/www.centreinsight.es\/ca\/terapia-online-com-funciona\/"]}]},{"@type":"BreadcrumbList","@id":"https:\/\/www.centreinsight.es\/ca\/terapia-online-com-funciona\/#breadcrumb","itemListElement":[{"@type":"ListItem","position":1,"name":"Psic\u00f3logo en Sabadell","item":"https:\/\/www.centreinsight.es\/ca\/"},{"@type":"ListItem","position":2,"name":"Ter\u00e0pia Online, Com funciona?"}]},{"@type":"WebSite","@id":"https:\/\/www.centreinsight.es\/ca\/#website","url":"https:\/\/www.centreinsight.es\/ca\/","name":"Centre Insight","description":"Centro de psic\u00f3logos en Sabadell","potentialAction":[{"@type":"SearchAction","target":{"@type":"EntryPoint","urlTemplate":"https:\/\/www.centreinsight.es\/ca\/?s={search_term_string}"},"query-input":{"@type":"PropertyValueSpecification","valueRequired":true,"valueName":"search_term_string"}}],"inLanguage":"ca"}]}},"_links":{"self":[{"href":"https:\/\/www.centreinsight.es\/ca\/wp-json\/wp\/v2\/pages\/9680","targetHints":{"allow":["GET"]}}],"collection":[{"href":"https:\/\/www.centreinsight.es\/ca\/wp-json\/wp\/v2\/pages"}],"about":[{"href":"https:\/\/www.centreinsight.es\/ca\/wp-json\/wp\/v2\/types\/page"}],"author":[{"embeddable":true,"href":"https:\/\/www.centreinsight.es\/ca\/wp-json\/wp\/v2\/users\/1"}],"replies":[{"embeddable":true,"href":"https:\/\/www.centreinsight.es\/ca\/wp-json\/wp\/v2\/comments?post=9680"}],"version-history":[{"count":15,"href":"https:\/\/www.centreinsight.es\/ca\/wp-json\/wp\/v2\/pages\/9680\/revisions"}],"predecessor-version":[{"id":11290,"href":"https:\/\/www.centreinsight.es\/ca\/wp-json\/wp\/v2\/pages\/9680\/revisions\/11290"}],"wp:attachment":[{"href":"https:\/\/www.centreinsight.es\/ca\/wp-json\/wp\/v2\/media?parent=9680"}],"curies":[{"name":"wp","href":"https:\/\/api.w.org\/{rel}","templated":true}]}}