{"id":9712,"date":"2024-06-28T11:38:19","date_gmt":"2024-06-28T11:38:19","guid":{"rendered":"https:\/\/centreinsight.es\/serveis\/tractament-de-la-dependencia-emocional-a-sabadell\/"},"modified":"2024-07-29T10:27:36","modified_gmt":"2024-07-29T10:27:36","slug":"tractament-de-la-dependencia-emocional-a-sabadell","status":"publish","type":"page","link":"https:\/\/www.centreinsight.es\/ca\/tractament-de-la-dependencia-emocional-a-sabadell\/","title":{"rendered":"Tractament de la depend\u00e8ncia emocional a Sabadell"},"content":{"rendered":"<section class=\"l-section wpb_row height_small color_primary with_img\"><div class=\"l-section-img\" role=\"img\" aria-label=\"Imatge\" data-img-width=\"1620\" data-img-height=\"1080\" style=\"background-image: url(https:\/\/www.centreinsight.es\/wp-content\/uploads\/2024\/06\/Centreinsight-online-14-scaled-e1602847034637.jpg);\"><\/div><div class=\"l-section-overlay\" style=\"background:var(--color-header-top-transparent-bg)\"><\/div><div class=\"l-section-h i-cf\"><div class=\"g-cols vc_row via_grid cols_1 laptops-cols_inherit tablets-cols_inherit mobiles-cols_1 valign_top type_default stacking_default\"><div class=\"wpb_column vc_column_container\"><div class=\"vc_column-inner\"><div class=\"w-separator size_small\"><\/div><div class=\"wpb_text_column\"><div class=\"wpb_wrapper\"><section class=\"elementor-section elementor-top-section elementor-element elementor-element-5480b18b elementor-section-full_width animated-fast elementor-section-height-min-height elementor-section-stretched elementor-section-height-default elementor-section-items-middle animated fadeInDown\" data-id=\"5480b18b\" data-element_type=\"section\" data-settings=\"{\"background_background\":\"classic\",\"animation\":\"fadeInDown\",\"shape_divider_bottom\":\"opacity-tilt\",\"stretch_section\":\"section-stretched\"}\">\n<div class=\"elementor-container elementor-column-gap-default\">\n<div class=\"elementor-row\">\n<div class=\"elementor-column elementor-col-100 elementor-top-column elementor-element elementor-element-4ecaaa9c\" data-id=\"4ecaaa9c\" data-element_type=\"column\">\n<div class=\"elementor-column-wrap elementor-element-populated\">\n<div class=\"elementor-widget-wrap\">\n<section class=\"elementor-section elementor-inner-section elementor-element elementor-element-3cd9eb75 elementor-section-full_width elementor-section-height-default elementor-section-height-default\" data-id=\"3cd9eb75\" data-element_type=\"section\">\n<div class=\"elementor-container elementor-column-gap-default\">\n<div class=\"elementor-row\">\n<div class=\"elementor-column elementor-col-100 elementor-inner-column elementor-element elementor-element-62c9d1ba\" data-id=\"62c9d1ba\" data-element_type=\"column\">\n<div class=\"elementor-column-wrap elementor-element-populated\">\n<div class=\"elementor-widget-wrap\">\n<div class=\"elementor-element elementor-element-318e5143 elementor-widget elementor-widget-heading\" data-id=\"318e5143\" data-element_type=\"widget\" data-widget_type=\"heading.default\">\n<div class=\"elementor-widget-container\">\n<h1 class=\"elementor-heading-title elementor-size-default\" style=\"text-align: center;\">Tractament de la depend\u00e8ncia emocional a Sabadell<\/h1>\n<\/div>\n<\/div>\n<\/div>\n<\/div>\n<\/div>\n<\/div>\n<\/div>\n<\/section>\n<\/div>\n<\/div>\n<\/div>\n<\/div>\n<\/div>\n<\/section>\n<section class=\"elementor-section elementor-top-section elementor-element elementor-element-4a31ac7 elementor-section-boxed elementor-section-height-default elementor-section-height-default\" data-id=\"4a31ac7\" data-element_type=\"section\">\n<div class=\"elementor-container elementor-column-gap-default\">\n<div class=\"elementor-row\">\n<div class=\"elementor-column elementor-col-100 elementor-top-column elementor-element elementor-element-4cca4ca\" data-id=\"4cca4ca\" data-element_type=\"column\">\n<div class=\"elementor-column-wrap elementor-element-populated\">\n<div class=\"elementor-widget-wrap\">\n<div class=\"elementor-element elementor-element-370cc50 elementor-widget elementor-widget-breadcrumbs\" data-id=\"370cc50\" data-element_type=\"widget\" data-widget_type=\"breadcrumbs.default\">\n<div class=\"elementor-widget-container\"><\/div>\n<\/div>\n<\/div>\n<\/div>\n<\/div>\n<\/div>\n<\/div>\n<\/section>\n<\/div><\/div><nav class=\"g-breadcrumbs separator_icon align_center hide_current\" itemscope itemtype=\"http:\/\/schema.org\/BreadcrumbList\"><div class=\"g-breadcrumbs-item\" itemscope itemprop=\"itemListElement\" itemtype=\"http:\/\/schema.org\/ListItem\"><a itemprop=\"item\" href=\"https:\/\/www.centreinsight.es\/ca\/\"><span itemprop=\"name\">Psic\u00f2legs a Sabadell<\/span><\/a><meta itemprop=\"position\" content=\"1\"\/><\/div><div class=\"g-breadcrumbs-separator\"><i class=\"far fa-angle-right\"><\/i><\/div><div class=\"g-breadcrumbs-item\">P\u00e0gines<\/div><\/nav><div class=\"w-separator size_medium\"><\/div><div class=\"w-btn-wrapper align_center\"><a class=\"w-btn us-btn-style_1\" href=\"https:\/\/centreinsight.es\/ca\/contacte\/\"><span class=\"w-btn-label\">Demanar cita amb els nostres psic\u00f2legs<\/span><\/a><\/div><\/div><\/div><\/div><\/div><\/section><section class=\"l-section wpb_row height_small\"><div class=\"l-section-h i-cf\"><div class=\"g-cols vc_row via_grid cols_2 laptops-cols_inherit tablets-cols_inherit mobiles-cols_1 valign_top type_default stacking_default\"><div class=\"wpb_column vc_column_container\"><div class=\"vc_column-inner\"><div class=\"w-separator size_medium\"><\/div><div class=\"wpb_text_column\"><div class=\"wpb_wrapper\"><h2>Qu\u00e8 \u00e9s la depend\u00e8ncia emocional?<\/h2>\n<p>  Valorat amb  <i class=\"fas fa-star\" style=\"color: #e3e30e;\"><\/i><i class=\"fas fa-star\" style=\"color: #e3e30e;\"><\/i><i class=\"fas fa-star\" style=\"color: #e3e30e;\"><i class=\"fas fa-star\" style=\"color: #e3e30e;\"><\/i><\/i><i class=\"fas fa-star\" style=\"color: #e3e30e;\"><\/i>(+ de <strong>90 ressenyes a Google<\/strong> ). Podr\u00edem definir la <strong>depend\u00e8ncia emocional com l&#8217;experi\u00e8ncia psicol\u00f2gica d&#8217;una persona de temor en perdre l&#8217;amor d&#8217;una altra persona<\/strong> , temor que ens deixin de voler, que ens deixin. Aix\u00f2 podria provocar  <strong>comportaments disfuncionals<\/strong>  com no expressar les nostres opinions per por que la persona de la qual depenem emocionalment s&#8217;enfadi, o la  <strong>necessitat d&#8217;agradar<\/strong>  sempre a aquesta persona malgrat els nostres propis interessos, etc  <\/p>\n<h2>Per qu\u00e8 es produeix la depend\u00e8ncia emocional?<\/h2>\n<p>  Les causes poden ser diverses i cada persona pot tenir les seves, per\u00f2 quan com a persones tenim necessitats vitals o emocionals no cobertes per nosaltres mateixos o pel nostre context d&#8217;una forma sana, podem vincular-nos depenentment d&#8217;una altra que s\u00ed que ens omple aquests buits. Si aquest fet es realitza de forma no sana, podem generar una depend\u00e8ncia cap a aquesta persona, pel <strong>temor a com ens sentirem si aquesta ens deixa o ens abandona<\/strong> , intentant per tots els mitjans que aquest fet no es produeixi.<\/p>\n<\/div><\/div><\/div><\/div><div class=\"wpb_column vc_column_container\"><div class=\"vc_column-inner\"><div class=\"w-separator size_medium\"><\/div><div class=\"wpb_text_column\"><div class=\"wpb_wrapper\"><h2>Contacta amb nosaltres<\/h2>\n<\/div><\/div><div class=\"w-separator size_small\"><\/div><div class=\"w-html\">\n<div class=\"wpcf7 no-js\" id=\"wpcf7-f9500-o1\" lang=\"ca\" dir=\"ltr\" data-wpcf7-id=\"9500\">\n<div class=\"screen-reader-response\"><p role=\"status\" aria-live=\"polite\" aria-atomic=\"true\"><\/p> <ul><\/ul><\/div>\n<form action=\"\/ca\/wp-json\/wp\/v2\/pages\/9712#wpcf7-f9500-o1\" method=\"post\" class=\"wpcf7-form init\" aria-label=\"Formulari de contacte\" novalidate=\"novalidate\" data-status=\"init\">\n<fieldset class=\"hidden-fields-container\"><input type=\"hidden\" name=\"_wpcf7\" value=\"9500\" \/><input type=\"hidden\" name=\"_wpcf7_version\" value=\"6.1.5\" \/><input type=\"hidden\" name=\"_wpcf7_locale\" value=\"ca\" \/><input type=\"hidden\" name=\"_wpcf7_unit_tag\" value=\"wpcf7-f9500-o1\" \/><input type=\"hidden\" name=\"_wpcf7_container_post\" value=\"0\" \/><input type=\"hidden\" name=\"_wpcf7_posted_data_hash\" value=\"\" \/>\n<\/fieldset>\n<p><label> El teu nom <span class=\"wpcf7-form-control-wrap\" data-name=\"your-name\"><input size=\"40\" maxlength=\"400\" class=\"wpcf7-form-control wpcf7-text wpcf7-validates-as-required\" autocomplete=\"name\" aria-required=\"true\" aria-invalid=\"false\" value=\"\" type=\"text\" name=\"your-name\" \/><\/span> <\/label>\n<\/p>\n<p><label> El teu correu electr\u00f2nic <span class=\"wpcf7-form-control-wrap\" data-name=\"your-email\"><input size=\"40\" maxlength=\"400\" class=\"wpcf7-form-control wpcf7-email wpcf7-validates-as-required wpcf7-text wpcf7-validates-as-email\" autocomplete=\"email\" aria-required=\"true\" aria-invalid=\"false\" value=\"\" type=\"email\" name=\"your-email\" \/><\/span> <\/label>\n<\/p>\n<p><label> El teu missatge (opcional) <span class=\"wpcf7-form-control-wrap\" data-name=\"your-message\"><textarea cols=\"40\" rows=\"10\" maxlength=\"2000\" class=\"wpcf7-form-control wpcf7-textarea\" aria-invalid=\"false\" name=\"your-message\"><\/textarea><\/span> <\/label>\n<\/p>\n<p><input class=\"wpcf7-form-control wpcf7-submit has-spinner\" type=\"submit\" value=\"Enviar\" \/>\n<\/p><div class=\"wpcf7-response-output\" aria-hidden=\"true\"><\/div>\n<\/form>\n<\/div>\n<\/div><\/div><\/div><\/div><\/div><\/section><section class=\"l-section wpb_row height_auto width_full\"><div class=\"l-section-h i-cf\"><div class=\"g-cols vc_row via_grid cols_2-1 laptops-cols_inherit tablets-cols_1 mobiles-cols_1 valign_top type_default stacking_default\" style=\"--columns-gap:0rem;\"><div class=\"wpb_column vc_column_container us_custom_8f4479a9\"><div class=\"vc_column-inner\"><div class=\"g-cols wpb_row via_grid cols_1 laptops-cols_1 tablets-cols_1 mobiles-cols_1 valign_middle type_default stacking_default\" style=\"--columns-gap:3rem;\"><div class=\"wpb_column vc_column_container\"><div class=\"vc_column-inner\"><div class=\"wpb_text_column\"><div class=\"wpb_wrapper\"><h2>Quines s\u00f3n les possibles causes?<\/h2>\n<p>  Les possibles causes podrien ser una <strong>autoestima baixa, una por excessiva als canvis o una necessitat imperiosa d&#8217;afecte.<\/strong> Aquestes s\u00f3n algunes de les possibles causes, encara que podrien ser molt\u00edssimes m\u00e9s, cadasc\u00fa t\u00e9 una hist\u00f2ria personal diferent.  <\/p>\n<h2>Quin \u00e9s el tractament de la depend\u00e8ncia emocional?<\/h2>\n<p>  Primer cal produir una an\u00e0lisi i una avaluaci\u00f3 de la problem\u00e0tica de la persona. Saber per qu\u00e8 s&#8217;ha produ\u00eft aquest fet i quins factors mantenen aquesta situaci\u00f3 ser\u00e0 vital per orientar el tractament cap a un lloc o altre. En tot cas, la <strong>feina de l&#8217;ansietat i l&#8217;autoestima seran de vital import\u00e0ncia<\/strong> per a una superaci\u00f3 de la depend\u00e8ncia emocional.<\/p>\n<\/div><\/div><\/div><\/div><\/div><\/div><\/div><div class=\"wpb_column vc_column_container us_custom_e9512203 hide_on_tablets hide_on_mobiles has_bg_color\"><div class=\"vc_column-inner\"><\/div><\/div><\/div><\/div><\/section><section class=\"l-section wpb_row height_small\"><div class=\"l-section-h i-cf\"><div class=\"g-cols vc_row via_grid cols_1 laptops-cols_inherit tablets-cols_inherit mobiles-cols_1 valign_top type_default stacking_default\"><div class=\"wpb_column vc_column_container\"><div class=\"vc_column-inner\"><div class=\"wpb_text_column\"><div class=\"wpb_wrapper\"><h2 style=\"text-align: center;\">Qu\u00e8 opinen els nostres pacients?<\/h2>\n<\/div><\/div><div class=\"w-separator size_medium\"><\/div><div class=\"w-html\">[trustindex no-registration=\"google\"]<\/div><div class=\"w-separator size_medium\"><\/div><\/div><\/div><\/div><\/div><\/section><section class=\"l-section wpb_row us_custom_48d51c35 height_small\"><div class=\"l-section-h i-cf\"><div class=\"g-cols vc_row via_grid cols_2 laptops-cols_inherit tablets-cols_2 mobiles-cols_2 valign_top type_default stacking_default\" style=\"--columns-gap:20px;\"><div class=\"wpb_column vc_column_container us_custom_0ab2621b has_bg_color\"><div class=\"vc_column-inner\"><div class=\"w-iconbox iconpos_left style_circle color_primary align_left\"><div class=\"w-iconbox-icon\" style=\"font-size:30px;\"><i class=\"fas fa-user\"><\/i><\/div><div class=\"w-iconbox-meta\"><h2 class=\"w-iconbox-title\" style=\"font-size:28px;\">Ter\u00e0pies per a l&apos;autoestima a Sabadell<\/h2><div class=\"w-iconbox-text\"><div class=\"elementor-price-table__price\" style=\"text-align: left;\"><span class=\"elementor-price-table__integer-part\">55<\/span> <span class=\"elementor-price-table__currency elementor-currency--after\">\u20ac\/<\/span> <span class=\"elementor-price-table__period elementor-typo-excluded\">Sessi\u00f3<\/span><\/div>\n<div class=\"elementor-price-table__feature-inner\" style=\"text-align: left;\"><strong>Primera Visita Gratu\u00efta<\/strong><\/div>\n<\/div><\/div><\/div><div class=\"w-separator size_small\"><\/div><\/div><\/div><div class=\"wpb_column vc_column_container us_custom_0ab2621b has_bg_color\"><div class=\"vc_column-inner\"><div class=\"w-iconbox iconpos_left style_circle color_primary align_left\"><div class=\"w-iconbox-icon\" style=\"font-size:30px;\"><i class=\"fas fa-user-headset\"><\/i><\/div><div class=\"w-iconbox-meta\"><h2 class=\"w-iconbox-title\" style=\"font-size:28px;\">Ter\u00e0pies per a l&apos;autoestima Online<\/h2><div class=\"w-iconbox-text\"><div class=\"elementor-price-table__price\" style=\"text-align: left;\"><span class=\"elementor-price-table__integer-part\">55<\/span> <span class=\"elementor-price-table__currency elementor-currency--after\">\u20ac\/<\/span> <span class=\"elementor-price-table__period elementor-typo-excluded\">Sessi\u00f3<\/span><\/div>\n<div class=\"elementor-price-table__feature-inner\" style=\"text-align: left;\"><strong>Primera Visita Gratu\u00efta<\/strong><\/div>\n<\/div><\/div><\/div><div class=\"w-separator size_small\"><\/div><\/div><\/div><\/div><\/div><\/section>\n","protected":false},"excerpt":{"rendered":"Tractament de la depend\u00e8ncia emocional a Sabadell Psic\u00f2legs a SabadellP\u00e0ginesDemanar cita amb els nostres psic\u00f2legsQu\u00e8 \u00e9s la depend\u00e8ncia emocional? Valorat amb (+ de 90 ressenyes a Google ). Podr\u00edem definir la depend\u00e8ncia emocional com l&#8217;experi\u00e8ncia psicol\u00f2gica d&#8217;una persona de temor en perdre l&#8217;amor d&#8217;una altra persona , temor que ens deixin de voler, que ens...","protected":false},"author":1,"featured_media":0,"parent":0,"menu_order":0,"comment_status":"closed","ping_status":"closed","template":"","meta":{"footnotes":""},"class_list":["post-9712","page","type-page","status-publish","hentry"],"yoast_head":"<!-- This site is optimized with the Yoast SEO plugin v27.4 - https:\/\/yoast.com\/product\/yoast-seo-wordpress\/ -->\n<title>Tractament de la depend\u00e8ncia emocional | Psic\u00f2legs Sabadell<\/title>\n<meta name=\"description\" content=\"Superar la depend\u00e8ncia emocional no sempre \u00e9s f\u00e0cil. Acudiu als nostres psic\u00f2legs experts en ter\u00e0pies i tractaments d&#039;aquest estil.\" \/>\n<meta name=\"robots\" content=\"index, follow, max-snippet:-1, max-image-preview:large, max-video-preview:-1\" \/>\n<link rel=\"canonical\" href=\"https:\/\/www.centreinsight.es\/ca\/tractament-de-la-dependencia-emocional-a-sabadell\/\" \/>\n<meta property=\"og:locale\" content=\"ca_ES\" \/>\n<meta property=\"og:type\" content=\"article\" \/>\n<meta property=\"og:title\" content=\"Tractament de la depend\u00e8ncia emocional | Psic\u00f2legs Sabadell\" \/>\n<meta property=\"og:description\" content=\"Superar la depend\u00e8ncia emocional no sempre \u00e9s f\u00e0cil. Acudiu als nostres psic\u00f2legs experts en ter\u00e0pies i tractaments d&#039;aquest estil.\" \/>\n<meta property=\"og:url\" content=\"https:\/\/www.centreinsight.es\/ca\/tractament-de-la-dependencia-emocional-a-sabadell\/\" \/>\n<meta property=\"og:site_name\" content=\"Centre Insight\" \/>\n<meta property=\"article:publisher\" content=\"https:\/\/www.facebook.com\/centrepsicologiainsight\" \/>\n<meta property=\"article:modified_time\" content=\"2024-07-29T10:27:36+00:00\" \/>\n<meta name=\"twitter:card\" content=\"summary_large_image\" \/>\n<meta name=\"twitter:site\" content=\"@Insightsbd\" \/>\n<meta name=\"twitter:label1\" content=\"Temps estimat de lectura\" \/>\n\t<meta name=\"twitter:data1\" content=\"5 minuts\" \/>\n<script type=\"application\/ld+json\" class=\"yoast-schema-graph\">{\"@context\":\"https:\\\/\\\/schema.org\",\"@graph\":[{\"@type\":\"WebPage\",\"@id\":\"https:\\\/\\\/www.centreinsight.es\\\/ca\\\/tractament-de-la-dependencia-emocional-a-sabadell\\\/\",\"url\":\"https:\\\/\\\/www.centreinsight.es\\\/ca\\\/tractament-de-la-dependencia-emocional-a-sabadell\\\/\",\"name\":\"Tractament de la depend\u00e8ncia emocional | Psic\u00f2legs Sabadell\",\"isPartOf\":{\"@id\":\"https:\\\/\\\/www.centreinsight.es\\\/ca\\\/#website\"},\"datePublished\":\"2024-06-28T11:38:19+00:00\",\"dateModified\":\"2024-07-29T10:27:36+00:00\",\"description\":\"Superar la depend\u00e8ncia emocional no sempre \u00e9s f\u00e0cil. Acudiu als nostres psic\u00f2legs experts en ter\u00e0pies i tractaments d'aquest estil.\",\"breadcrumb\":{\"@id\":\"https:\\\/\\\/www.centreinsight.es\\\/ca\\\/tractament-de-la-dependencia-emocional-a-sabadell\\\/#breadcrumb\"},\"inLanguage\":\"ca\",\"potentialAction\":[{\"@type\":\"ReadAction\",\"target\":[\"https:\\\/\\\/www.centreinsight.es\\\/ca\\\/tractament-de-la-dependencia-emocional-a-sabadell\\\/\"]}]},{\"@type\":\"BreadcrumbList\",\"@id\":\"https:\\\/\\\/www.centreinsight.es\\\/ca\\\/tractament-de-la-dependencia-emocional-a-sabadell\\\/#breadcrumb\",\"itemListElement\":[{\"@type\":\"ListItem\",\"position\":1,\"name\":\"Psic\u00f3logo en Sabadell\",\"item\":\"https:\\\/\\\/www.centreinsight.es\\\/ca\\\/\"},{\"@type\":\"ListItem\",\"position\":2,\"name\":\"Tractament de la depend\u00e8ncia emocional a Sabadell\"}]},{\"@type\":\"WebSite\",\"@id\":\"https:\\\/\\\/www.centreinsight.es\\\/ca\\\/#website\",\"url\":\"https:\\\/\\\/www.centreinsight.es\\\/ca\\\/\",\"name\":\"Centre Insight\",\"description\":\"Centro de psic\u00f3logos en Sabadell\",\"potentialAction\":[{\"@type\":\"SearchAction\",\"target\":{\"@type\":\"EntryPoint\",\"urlTemplate\":\"https:\\\/\\\/www.centreinsight.es\\\/ca\\\/?s={search_term_string}\"},\"query-input\":{\"@type\":\"PropertyValueSpecification\",\"valueRequired\":true,\"valueName\":\"search_term_string\"}}],\"inLanguage\":\"ca\"}]}<\/script>\n<!-- \/ Yoast SEO plugin. -->","yoast_head_json":{"title":"Tractament de la depend\u00e8ncia emocional | Psic\u00f2legs Sabadell","description":"Superar la depend\u00e8ncia emocional no sempre \u00e9s f\u00e0cil. Acudiu als nostres psic\u00f2legs experts en ter\u00e0pies i tractaments d'aquest estil.","robots":{"index":"index","follow":"follow","max-snippet":"max-snippet:-1","max-image-preview":"max-image-preview:large","max-video-preview":"max-video-preview:-1"},"canonical":"https:\/\/www.centreinsight.es\/ca\/tractament-de-la-dependencia-emocional-a-sabadell\/","og_locale":"ca_ES","og_type":"article","og_title":"Tractament de la depend\u00e8ncia emocional | Psic\u00f2legs Sabadell","og_description":"Superar la depend\u00e8ncia emocional no sempre \u00e9s f\u00e0cil. Acudiu als nostres psic\u00f2legs experts en ter\u00e0pies i tractaments d'aquest estil.","og_url":"https:\/\/www.centreinsight.es\/ca\/tractament-de-la-dependencia-emocional-a-sabadell\/","og_site_name":"Centre Insight","article_publisher":"https:\/\/www.facebook.com\/centrepsicologiainsight","article_modified_time":"2024-07-29T10:27:36+00:00","twitter_card":"summary_large_image","twitter_site":"@Insightsbd","twitter_misc":{"Temps estimat de lectura":"5 minuts"},"schema":{"@context":"https:\/\/schema.org","@graph":[{"@type":"WebPage","@id":"https:\/\/www.centreinsight.es\/ca\/tractament-de-la-dependencia-emocional-a-sabadell\/","url":"https:\/\/www.centreinsight.es\/ca\/tractament-de-la-dependencia-emocional-a-sabadell\/","name":"Tractament de la depend\u00e8ncia emocional | Psic\u00f2legs Sabadell","isPartOf":{"@id":"https:\/\/www.centreinsight.es\/ca\/#website"},"datePublished":"2024-06-28T11:38:19+00:00","dateModified":"2024-07-29T10:27:36+00:00","description":"Superar la depend\u00e8ncia emocional no sempre \u00e9s f\u00e0cil. Acudiu als nostres psic\u00f2legs experts en ter\u00e0pies i tractaments d'aquest estil.","breadcrumb":{"@id":"https:\/\/www.centreinsight.es\/ca\/tractament-de-la-dependencia-emocional-a-sabadell\/#breadcrumb"},"inLanguage":"ca","potentialAction":[{"@type":"ReadAction","target":["https:\/\/www.centreinsight.es\/ca\/tractament-de-la-dependencia-emocional-a-sabadell\/"]}]},{"@type":"BreadcrumbList","@id":"https:\/\/www.centreinsight.es\/ca\/tractament-de-la-dependencia-emocional-a-sabadell\/#breadcrumb","itemListElement":[{"@type":"ListItem","position":1,"name":"Psic\u00f3logo en Sabadell","item":"https:\/\/www.centreinsight.es\/ca\/"},{"@type":"ListItem","position":2,"name":"Tractament de la depend\u00e8ncia emocional a Sabadell"}]},{"@type":"WebSite","@id":"https:\/\/www.centreinsight.es\/ca\/#website","url":"https:\/\/www.centreinsight.es\/ca\/","name":"Centre Insight","description":"Centro de psic\u00f3logos en Sabadell","potentialAction":[{"@type":"SearchAction","target":{"@type":"EntryPoint","urlTemplate":"https:\/\/www.centreinsight.es\/ca\/?s={search_term_string}"},"query-input":{"@type":"PropertyValueSpecification","valueRequired":true,"valueName":"search_term_string"}}],"inLanguage":"ca"}]}},"_links":{"self":[{"href":"https:\/\/www.centreinsight.es\/ca\/wp-json\/wp\/v2\/pages\/9712","targetHints":{"allow":["GET"]}}],"collection":[{"href":"https:\/\/www.centreinsight.es\/ca\/wp-json\/wp\/v2\/pages"}],"about":[{"href":"https:\/\/www.centreinsight.es\/ca\/wp-json\/wp\/v2\/types\/page"}],"author":[{"embeddable":true,"href":"https:\/\/www.centreinsight.es\/ca\/wp-json\/wp\/v2\/users\/1"}],"replies":[{"embeddable":true,"href":"https:\/\/www.centreinsight.es\/ca\/wp-json\/wp\/v2\/comments?post=9712"}],"version-history":[{"count":0,"href":"https:\/\/www.centreinsight.es\/ca\/wp-json\/wp\/v2\/pages\/9712\/revisions"}],"wp:attachment":[{"href":"https:\/\/www.centreinsight.es\/ca\/wp-json\/wp\/v2\/media?parent=9712"}],"curies":[{"name":"wp","href":"https:\/\/api.w.org\/{rel}","templated":true}]}}