{"id":9730,"date":"2024-06-28T10:47:31","date_gmt":"2024-06-28T10:47:31","guid":{"rendered":"https:\/\/centreinsight.es\/serveis\/terapia-per-a-trastorns-obsessiu-compulsiu-a-sabadell\/"},"modified":"2025-11-26T13:15:29","modified_gmt":"2025-11-26T13:15:29","slug":"terapia-per-a-trastorns-obsessiu-compulsiu-a-sabadell","status":"publish","type":"page","link":"https:\/\/www.centreinsight.es\/ca\/serveis\/terapia-per-a-trastorns-obsessiu-compulsiu-a-sabadell\/","title":{"rendered":"Ter\u00e0pia per a trastorns obsessiu-compulsiu a sabadell"},"content":{"rendered":"<section class=\"l-section wpb_row height_small color_primary with_img\"><div class=\"l-section-img\" role=\"img\" aria-label=\"Imatge\" data-img-width=\"1620\" data-img-height=\"1080\" style=\"background-image: url(https:\/\/www.centreinsight.es\/wp-content\/uploads\/2024\/06\/Centreinsight-online-14-scaled-e1602847034637.jpg);\"><\/div><div class=\"l-section-overlay\" style=\"background:var(--color-header-top-transparent-bg)\"><\/div><div class=\"l-section-h i-cf\"><div class=\"g-cols vc_row via_grid cols_1 laptops-cols_inherit tablets-cols_inherit mobiles-cols_1 valign_top type_default stacking_default\"><div class=\"wpb_column vc_column_container\"><div class=\"vc_column-inner\"><div class=\"w-separator size_small\"><\/div><div class=\"wpb_text_column\"><div class=\"wpb_wrapper\"><h1 style=\"text-align: center;\">Ter\u00e0pia per a trastorns obsessiu-compulsiu a Sabadell<\/h1>\n<\/div><\/div><nav class=\"g-breadcrumbs separator_icon align_center hide_current\" itemscope itemtype=\"http:\/\/schema.org\/BreadcrumbList\"><div class=\"g-breadcrumbs-item\" itemscope itemprop=\"itemListElement\" itemtype=\"http:\/\/schema.org\/ListItem\"><a itemprop=\"item\" href=\"https:\/\/www.centreinsight.es\/ca\/\"><span itemprop=\"name\">Psic\u00f2legs a Sabadell<\/span><\/a><meta itemprop=\"position\" content=\"1\"\/><\/div><div class=\"g-breadcrumbs-separator\"><i class=\"far fa-angle-right\"><\/i><\/div><div class=\"g-breadcrumbs-item\">P\u00e0gines<\/div><\/nav><div class=\"w-separator size_medium\"><\/div><div class=\"w-btn-wrapper align_center\"><a class=\"w-btn us-btn-style_1\" href=\"https:\/\/centreinsight.es\/contacto\/\"><span class=\"w-btn-label\">Demanar cita amb els nostres psic\u00f2legs<\/span><\/a><\/div><\/div><\/div><\/div><\/div><\/section><section class=\"l-section wpb_row height_small\"><div class=\"l-section-h i-cf\"><div class=\"g-cols vc_row via_grid cols_2 laptops-cols_inherit tablets-cols_inherit mobiles-cols_1 valign_top type_default stacking_default\"><div class=\"wpb_column vc_column_container\"><div class=\"vc_column-inner\"><div class=\"w-separator size_medium\"><\/div><div class=\"wpb_text_column\"><div class=\"wpb_wrapper\"><h2>Qu\u00e8 \u00e9s el trastorn obsessiu-compulsiu (TOC)?<\/h2>\n<p>Valorat amb  <i class=\"fas fa-star\" style=\"color: #e3e30e;\"><\/i><i class=\"fas fa-star\" style=\"color: #e3e30e;\"><\/i><i class=\"fas fa-star\" style=\"color: #e3e30e;\"><i class=\"fas fa-star\" style=\"color: #e3e30e;\"><\/i><\/i><i class=\"fas fa-star\" style=\"color: #e3e30e;\"><\/i>(+ de <strong>90 ressenyes a Google<\/strong> ).<\/p>\n<p><strong>El Trastorn Obsessiu Compulsiu o TOC \u00e9s un trastorn d&#8217;ansietat<\/strong> segons el DSM V que <strong>es manifesta mitjan\u00e7ant obsessions i\/o compulsions<\/strong> . Aquests han d&#8217;afectar diferents aspectes de la vida de la persona com ara l&#8217;\u00e0rea social, personal i laboral. El TOC pot tenir inici a la inf\u00e0ncia, encara que se sol iniciar en els primers anys de la vida adulta, sobretot a partir dels 20 o 25 anys i <strong>augmenta el risc d&#8217;inici a partir dels 30 anys.<\/strong><\/p>\n<h2>Qu\u00e8 s\u00f3n les obsessions?<\/h2>\n<div class=\"elementor-column elementor-col-50 elementor-top-column elementor-element elementor-element-89dbef7\" data-id=\"89dbef7\" data-element_type=\"column\">\n<div class=\"elementor-column-wrap elementor-element-populated\">\n<div class=\"elementor-widget-wrap\">\n<div class=\"elementor-element elementor-element-0ef3fdb elementor-widget elementor-widget-text-editor\" data-id=\"0ef3fdb\" data-element_type=\"widget\" data-widget_type=\"text-editor.default\">\n<div class=\"elementor-widget-container\">\n<div class=\"elementor-text-editor elementor-clearfix\">\n<p>Les obsessions s\u00f3n <strong>pensaments, impulsos, sensacions o fins i tot imatges que apareixen i envaeixen la ment en contra de la voluntat de la persona.<\/strong> Aquestes obsessions provoquen en la persona una gran ansietat i incomoditat, que forcen la persona a intentar fer el que sigui perqu\u00e8 desaparegui de la seva ment i aix\u00ed estar tranquil\u00b7la i relaxada una altra vegada. Les obsessions solen ser intrusives i recurrents i afecten l&#8217;estat d&#8217;\u00e0nim de manera important. Quan aquests pensaments arriben a ser molt desagradables i la persona comen\u00e7a a lluitar contra ells neixen les compulsions.<\/p>\n<\/div>\n<\/div>\n<\/div>\n<\/div>\n<\/div>\n<\/div>\n<\/div><\/div><\/div><\/div><div class=\"wpb_column vc_column_container\"><div class=\"vc_column-inner\"><div class=\"w-separator size_medium\"><\/div><div class=\"wpb_text_column\"><div class=\"wpb_wrapper\"><h2>Contacta amb nosaltres<\/h2>\n<\/div><\/div><div class=\"w-separator size_small\"><\/div><div class=\"w-html\">\n<div class=\"wpcf7 no-js\" id=\"wpcf7-f9500-o1\" lang=\"ca\" dir=\"ltr\" data-wpcf7-id=\"9500\">\n<div class=\"screen-reader-response\"><p role=\"status\" aria-live=\"polite\" aria-atomic=\"true\"><\/p> <ul><\/ul><\/div>\n<form action=\"\/ca\/wp-json\/wp\/v2\/pages\/9730#wpcf7-f9500-o1\" method=\"post\" class=\"wpcf7-form init\" aria-label=\"Formulari de contacte\" novalidate=\"novalidate\" data-status=\"init\">\n<fieldset class=\"hidden-fields-container\"><input type=\"hidden\" name=\"_wpcf7\" value=\"9500\" \/><input type=\"hidden\" name=\"_wpcf7_version\" value=\"6.1.5\" \/><input type=\"hidden\" name=\"_wpcf7_locale\" value=\"ca\" \/><input type=\"hidden\" name=\"_wpcf7_unit_tag\" value=\"wpcf7-f9500-o1\" \/><input type=\"hidden\" name=\"_wpcf7_container_post\" value=\"0\" \/><input type=\"hidden\" name=\"_wpcf7_posted_data_hash\" value=\"\" \/>\n<\/fieldset>\n<p><label> El teu nom <span class=\"wpcf7-form-control-wrap\" data-name=\"your-name\"><input size=\"40\" maxlength=\"400\" class=\"wpcf7-form-control wpcf7-text wpcf7-validates-as-required\" autocomplete=\"name\" aria-required=\"true\" aria-invalid=\"false\" value=\"\" type=\"text\" name=\"your-name\" \/><\/span> <\/label>\n<\/p>\n<p><label> El teu correu electr\u00f2nic <span class=\"wpcf7-form-control-wrap\" data-name=\"your-email\"><input size=\"40\" maxlength=\"400\" class=\"wpcf7-form-control wpcf7-email wpcf7-validates-as-required wpcf7-text wpcf7-validates-as-email\" autocomplete=\"email\" aria-required=\"true\" aria-invalid=\"false\" value=\"\" type=\"email\" name=\"your-email\" \/><\/span> <\/label>\n<\/p>\n<p><label> El teu missatge (opcional) <span class=\"wpcf7-form-control-wrap\" data-name=\"your-message\"><textarea cols=\"40\" rows=\"10\" maxlength=\"2000\" class=\"wpcf7-form-control wpcf7-textarea\" aria-invalid=\"false\" name=\"your-message\"><\/textarea><\/span> <\/label>\n<\/p>\n<p><input class=\"wpcf7-form-control wpcf7-submit has-spinner\" type=\"submit\" value=\"Enviar\" \/>\n<\/p><div class=\"wpcf7-response-output\" aria-hidden=\"true\"><\/div>\n<\/form>\n<\/div>\n<\/div><\/div><\/div><\/div><\/div><\/section><section class=\"l-section wpb_row height_auto width_full\"><div class=\"l-section-h i-cf\"><div class=\"g-cols vc_row via_grid cols_2-1 laptops-cols_inherit tablets-cols_1 mobiles-cols_1 valign_top type_default stacking_default\" style=\"--columns-gap:0rem;\"><div class=\"wpb_column vc_column_container us_custom_8f4479a9\"><div class=\"vc_column-inner\"><div class=\"g-cols wpb_row via_grid cols_1 laptops-cols_1 tablets-cols_1 mobiles-cols_1 valign_middle type_default stacking_default\" style=\"--columns-gap:3rem;\"><div class=\"wpb_column vc_column_container\"><div class=\"vc_column-inner\"><div class=\"wpb_text_column\"><div class=\"wpb_wrapper\"><h2>Qu\u00e8 s\u00f3n les compulsions?<\/h2>\n<p>Les compulsions s\u00f3n <strong>estrat\u00e8gies, t\u00e0ctiques, accions, conductes repetitives, rituals, etc.<\/strong> , que es produeixen amb l&#8217;objectiu que desaparegui l&#8217;obsessi\u00f3 que pateix la persona.<\/p>\n<p>Aquestes compulsions es produeixen amb diversos objectius: <strong>perqu\u00e8 no aparegui l&#8217;obsessi\u00f3<\/strong> (evitatiu) <strong>o una vegada aparegut que desaparegui r\u00e0pidament.<\/strong> <\/p>\n<p>Les compulsions solen provocar que les obsessions desapareguin o no apareguin pel que <strong>s&#8217;associen fortament aquests dos comportaments<\/strong> , donant lloc a la repetici\u00f3 cont\u00ednua de les compulsions per evitar o que desaparegui l&#8217;ansietat provocada per les obsessions.<\/p>\n<\/div><\/div><\/div><\/div><\/div><\/div><\/div><div class=\"wpb_column vc_column_container us_custom_baea5ed9 hide_on_tablets hide_on_mobiles has_bg_color\"><div class=\"vc_column-inner\"><\/div><\/div><\/div><\/div><\/section><section class=\"l-section wpb_row height_small\"><div class=\"l-section-h i-cf\"><div class=\"g-cols vc_row via_grid cols_1 laptops-cols_inherit tablets-cols_inherit mobiles-cols_1 valign_top type_default stacking_default\"><div class=\"wpb_column vc_column_container\"><div class=\"vc_column-inner\"><div class=\"wpb_text_column\"><div class=\"wpb_wrapper\"><h2 style=\"text-align: center;\">Qu\u00e8 opinen els nostres pacients?<\/h2>\n<\/div><\/div><div class=\"w-separator size_medium\"><\/div><div class=\"w-html\">[trustindex no-registration=\"google\"]<\/div><div class=\"w-separator size_medium\"><\/div><div class=\"wpb_text_column\"><div class=\"wpb_wrapper\"><h2 style=\"text-align: center;\">Ter\u00e0pies de TOC presencials i online<\/h2>\n<p style=\"text-align: center;\">Totes les persones tenim les nostres manies per\u00f2 quan aquestes ens produeixen <strong>compulsions de manera recurrent es converteix en un problema molt seri\u00f3s i \u00e9s essencial acudir a un expert en ter\u00e0pies de trastorns obsessivocompulsiu<\/strong> (TOC). Els comportaments obsessius i compulsius solen existir molts anys abans que el pacient arribi a consulta.<\/p>\n<p style=\"text-align: center;\"><strong>Pot comen\u00e7ar com a pensaments intrusius, com a imatges violentes que entren a la ment.<\/strong> Tamb\u00e9 podeu comen\u00e7ar amb rituals o comportaments repetitius. <strong>Les obsessions i les compulsions poden ser m\u00e9s d&#8217;una i poden canviar en el transcurs del temps, la simptomatologia m\u00faltiple sol ser la norma<\/strong> . Els pacients no solen comentar els s\u00edmptomes que tenen per vergonya, ja que la majoria entenen que s\u00f3n irracionals.<\/p>\n<p style=\"text-align: center;\"><strong>El TOC es pot donar alhora juntament amb altres trastorns o problemes com ara la depressi\u00f3 major, trastorn per estr\u00e8s posttraum\u00e0tic o per angoixa, alcoholisme, consum de drogues, trastorns d&#8217;ansietat com la f\u00f2bia social, trastorns alimentaris, esquizofr\u00e8nies, etc.  <\/strong><\/p>\n<\/div><\/div><\/div><\/div><\/div><\/div><\/section><section class=\"l-section wpb_row us_custom_48d51c35 height_small\"><div class=\"l-section-h i-cf\"><div class=\"g-cols vc_row via_grid cols_2 laptops-cols_inherit tablets-cols_2 mobiles-cols_2 valign_top type_default stacking_default\" style=\"--columns-gap:20px;\"><div class=\"wpb_column vc_column_container us_custom_0ab2621b has_bg_color\"><div class=\"vc_column-inner\"><div class=\"w-iconbox iconpos_left style_circle color_primary align_left\"><div class=\"w-iconbox-icon\" style=\"font-size:30px;\"><i class=\"fas fa-user\"><\/i><\/div><div class=\"w-iconbox-meta\"><h2 class=\"w-iconbox-title\" style=\"font-size:28px;\">Ter\u00e0pies per a l&apos;autoestima a Sabadell<\/h2><div class=\"w-iconbox-text\"><div class=\"elementor-price-table__price\" style=\"text-align: left;\"><span class=\"elementor-price-table__integer-part\">60<\/span> <span class=\"elementor-price-table__currency elementor-currency--after\">\u20ac\/<\/span> <span class=\"elementor-price-table__period elementor-typo-excluded\">Sessi\u00f3<\/span><\/div>\n<div class=\"elementor-price-table__feature-inner\" style=\"text-align: left;\"><strong>Primera Visita Gratu\u00efta<\/strong><\/div>\n<\/div><\/div><\/div><div class=\"w-separator size_small\"><\/div><\/div><\/div><div class=\"wpb_column vc_column_container us_custom_0ab2621b has_bg_color\"><div class=\"vc_column-inner\"><div class=\"w-iconbox iconpos_left style_circle color_primary align_left\"><div class=\"w-iconbox-icon\" style=\"font-size:30px;\"><i class=\"fas fa-user-headset\"><\/i><\/div><div class=\"w-iconbox-meta\"><h2 class=\"w-iconbox-title\" style=\"font-size:28px;\">Ter\u00e0pies per a l&apos;autoestima Online<\/h2><div class=\"w-iconbox-text\"><div class=\"elementor-price-table__price\" style=\"text-align: left;\"><span class=\"elementor-price-table__integer-part\">60<\/span> <span class=\"elementor-price-table__currency elementor-currency--after\">\u20ac\/<\/span> <span class=\"elementor-price-table__period elementor-typo-excluded\">Sessi\u00f3<\/span><\/div>\n<div class=\"elementor-price-table__feature-inner\" style=\"text-align: left;\"><strong>Primera Visita Gratu\u00efta<\/strong><\/div>\n<\/div><\/div><\/div><div class=\"w-separator size_small\"><\/div><\/div><\/div><\/div><\/div><\/section>\n","protected":false},"excerpt":{"rendered":"Ter\u00e0pia per a trastorns obsessiu-compulsiu a Sabadell Psic\u00f2legs a SabadellP\u00e0ginesDemanar cita amb els nostres psic\u00f2legsQu\u00e8 \u00e9s el trastorn obsessiu-compulsiu (TOC)? Valorat amb (+ de 90 ressenyes a Google ). El Trastorn Obsessiu Compulsiu o TOC \u00e9s un trastorn d&#8217;ansietat segons el DSM V que es manifesta mitjan\u00e7ant obsessions i\/o compulsions . Aquests han d&#8217;afectar diferents...","protected":false},"author":1,"featured_media":0,"parent":9461,"menu_order":0,"comment_status":"closed","ping_status":"closed","template":"","meta":{"footnotes":""},"class_list":["post-9730","page","type-page","status-publish","hentry"],"yoast_head":"<!-- This site is optimized with the Yoast SEO plugin v27.5 - https:\/\/yoast.com\/product\/yoast-seo-wordpress\/ -->\n<title>Ter\u00e0pia de trastorns obsessiu compulsius a Sabadell<\/title>\n<meta name=\"description\" content=\"A Centre InSight realitzem ter\u00e0pies per als trastorns obsessiu-compulsiu (els coneguts com a TOC). Contacta amb nosaltres!\" \/>\n<meta name=\"robots\" content=\"index, follow, max-snippet:-1, max-image-preview:large, max-video-preview:-1\" \/>\n<link rel=\"canonical\" href=\"https:\/\/www.centreinsight.es\/ca\/serveis\/terapia-per-a-trastorns-obsessiu-compulsiu-a-sabadell\/\" \/>\n<meta property=\"og:locale\" content=\"ca_ES\" \/>\n<meta property=\"og:type\" content=\"article\" \/>\n<meta property=\"og:title\" content=\"Ter\u00e0pia de trastorns obsessiu compulsius a Sabadell\" \/>\n<meta property=\"og:description\" content=\"A Centre InSight realitzem ter\u00e0pies per als trastorns obsessiu-compulsiu (els coneguts com a TOC). Contacta amb nosaltres!\" \/>\n<meta property=\"og:url\" content=\"https:\/\/www.centreinsight.es\/ca\/serveis\/terapia-per-a-trastorns-obsessiu-compulsiu-a-sabadell\/\" \/>\n<meta property=\"og:site_name\" content=\"Centre Insight\" \/>\n<meta property=\"article:publisher\" content=\"https:\/\/www.facebook.com\/centrepsicologiainsight\" \/>\n<meta property=\"article:modified_time\" content=\"2025-11-26T13:15:29+00:00\" \/>\n<meta name=\"twitter:card\" content=\"summary_large_image\" \/>\n<meta name=\"twitter:site\" content=\"@Insightsbd\" \/>\n<meta name=\"twitter:label1\" content=\"Temps estimat de lectura\" \/>\n\t<meta name=\"twitter:data1\" content=\"6 minuts\" \/>\n<script type=\"application\/ld+json\" class=\"yoast-schema-graph\">{\"@context\":\"https:\\\/\\\/schema.org\",\"@graph\":[{\"@type\":\"WebPage\",\"@id\":\"https:\\\/\\\/www.centreinsight.es\\\/ca\\\/serveis\\\/terapia-per-a-trastorns-obsessiu-compulsiu-a-sabadell\\\/\",\"url\":\"https:\\\/\\\/www.centreinsight.es\\\/ca\\\/serveis\\\/terapia-per-a-trastorns-obsessiu-compulsiu-a-sabadell\\\/\",\"name\":\"Ter\u00e0pia de trastorns obsessiu compulsius a Sabadell\",\"isPartOf\":{\"@id\":\"https:\\\/\\\/www.centreinsight.es\\\/ca\\\/#website\"},\"datePublished\":\"2024-06-28T10:47:31+00:00\",\"dateModified\":\"2025-11-26T13:15:29+00:00\",\"description\":\"A Centre InSight realitzem ter\u00e0pies per als trastorns obsessiu-compulsiu (els coneguts com a TOC). Contacta amb nosaltres!\",\"breadcrumb\":{\"@id\":\"https:\\\/\\\/www.centreinsight.es\\\/ca\\\/serveis\\\/terapia-per-a-trastorns-obsessiu-compulsiu-a-sabadell\\\/#breadcrumb\"},\"inLanguage\":\"ca\",\"potentialAction\":[{\"@type\":\"ReadAction\",\"target\":[\"https:\\\/\\\/www.centreinsight.es\\\/ca\\\/serveis\\\/terapia-per-a-trastorns-obsessiu-compulsiu-a-sabadell\\\/\"]}]},{\"@type\":\"BreadcrumbList\",\"@id\":\"https:\\\/\\\/www.centreinsight.es\\\/ca\\\/serveis\\\/terapia-per-a-trastorns-obsessiu-compulsiu-a-sabadell\\\/#breadcrumb\",\"itemListElement\":[{\"@type\":\"ListItem\",\"position\":1,\"name\":\"Psic\u00f3logo en Sabadell\",\"item\":\"https:\\\/\\\/www.centreinsight.es\\\/ca\\\/\"},{\"@type\":\"ListItem\",\"position\":2,\"name\":\"Serveis\",\"item\":\"https:\\\/\\\/www.centreinsight.es\\\/ca\\\/servicios\\\/\"},{\"@type\":\"ListItem\",\"position\":3,\"name\":\"Ter\u00e0pia per a trastorns obsessiu-compulsiu a sabadell\"}]},{\"@type\":\"WebSite\",\"@id\":\"https:\\\/\\\/www.centreinsight.es\\\/ca\\\/#website\",\"url\":\"https:\\\/\\\/www.centreinsight.es\\\/ca\\\/\",\"name\":\"Centre Insight\",\"description\":\"Centro de psic\u00f3logos en Sabadell\",\"potentialAction\":[{\"@type\":\"SearchAction\",\"target\":{\"@type\":\"EntryPoint\",\"urlTemplate\":\"https:\\\/\\\/www.centreinsight.es\\\/ca\\\/?s={search_term_string}\"},\"query-input\":{\"@type\":\"PropertyValueSpecification\",\"valueRequired\":true,\"valueName\":\"search_term_string\"}}],\"inLanguage\":\"ca\"}]}<\/script>\n<!-- \/ Yoast SEO plugin. -->","yoast_head_json":{"title":"Ter\u00e0pia de trastorns obsessiu compulsius a Sabadell","description":"A Centre InSight realitzem ter\u00e0pies per als trastorns obsessiu-compulsiu (els coneguts com a TOC). Contacta amb nosaltres!","robots":{"index":"index","follow":"follow","max-snippet":"max-snippet:-1","max-image-preview":"max-image-preview:large","max-video-preview":"max-video-preview:-1"},"canonical":"https:\/\/www.centreinsight.es\/ca\/serveis\/terapia-per-a-trastorns-obsessiu-compulsiu-a-sabadell\/","og_locale":"ca_ES","og_type":"article","og_title":"Ter\u00e0pia de trastorns obsessiu compulsius a Sabadell","og_description":"A Centre InSight realitzem ter\u00e0pies per als trastorns obsessiu-compulsiu (els coneguts com a TOC). Contacta amb nosaltres!","og_url":"https:\/\/www.centreinsight.es\/ca\/serveis\/terapia-per-a-trastorns-obsessiu-compulsiu-a-sabadell\/","og_site_name":"Centre Insight","article_publisher":"https:\/\/www.facebook.com\/centrepsicologiainsight","article_modified_time":"2025-11-26T13:15:29+00:00","twitter_card":"summary_large_image","twitter_site":"@Insightsbd","twitter_misc":{"Temps estimat de lectura":"6 minuts"},"schema":{"@context":"https:\/\/schema.org","@graph":[{"@type":"WebPage","@id":"https:\/\/www.centreinsight.es\/ca\/serveis\/terapia-per-a-trastorns-obsessiu-compulsiu-a-sabadell\/","url":"https:\/\/www.centreinsight.es\/ca\/serveis\/terapia-per-a-trastorns-obsessiu-compulsiu-a-sabadell\/","name":"Ter\u00e0pia de trastorns obsessiu compulsius a Sabadell","isPartOf":{"@id":"https:\/\/www.centreinsight.es\/ca\/#website"},"datePublished":"2024-06-28T10:47:31+00:00","dateModified":"2025-11-26T13:15:29+00:00","description":"A Centre InSight realitzem ter\u00e0pies per als trastorns obsessiu-compulsiu (els coneguts com a TOC). Contacta amb nosaltres!","breadcrumb":{"@id":"https:\/\/www.centreinsight.es\/ca\/serveis\/terapia-per-a-trastorns-obsessiu-compulsiu-a-sabadell\/#breadcrumb"},"inLanguage":"ca","potentialAction":[{"@type":"ReadAction","target":["https:\/\/www.centreinsight.es\/ca\/serveis\/terapia-per-a-trastorns-obsessiu-compulsiu-a-sabadell\/"]}]},{"@type":"BreadcrumbList","@id":"https:\/\/www.centreinsight.es\/ca\/serveis\/terapia-per-a-trastorns-obsessiu-compulsiu-a-sabadell\/#breadcrumb","itemListElement":[{"@type":"ListItem","position":1,"name":"Psic\u00f3logo en Sabadell","item":"https:\/\/www.centreinsight.es\/ca\/"},{"@type":"ListItem","position":2,"name":"Serveis","item":"https:\/\/www.centreinsight.es\/ca\/servicios\/"},{"@type":"ListItem","position":3,"name":"Ter\u00e0pia per a trastorns obsessiu-compulsiu a sabadell"}]},{"@type":"WebSite","@id":"https:\/\/www.centreinsight.es\/ca\/#website","url":"https:\/\/www.centreinsight.es\/ca\/","name":"Centre Insight","description":"Centro de psic\u00f3logos en Sabadell","potentialAction":[{"@type":"SearchAction","target":{"@type":"EntryPoint","urlTemplate":"https:\/\/www.centreinsight.es\/ca\/?s={search_term_string}"},"query-input":{"@type":"PropertyValueSpecification","valueRequired":true,"valueName":"search_term_string"}}],"inLanguage":"ca"}]}},"_links":{"self":[{"href":"https:\/\/www.centreinsight.es\/ca\/wp-json\/wp\/v2\/pages\/9730","targetHints":{"allow":["GET"]}}],"collection":[{"href":"https:\/\/www.centreinsight.es\/ca\/wp-json\/wp\/v2\/pages"}],"about":[{"href":"https:\/\/www.centreinsight.es\/ca\/wp-json\/wp\/v2\/types\/page"}],"author":[{"embeddable":true,"href":"https:\/\/www.centreinsight.es\/ca\/wp-json\/wp\/v2\/users\/1"}],"replies":[{"embeddable":true,"href":"https:\/\/www.centreinsight.es\/ca\/wp-json\/wp\/v2\/comments?post=9730"}],"version-history":[{"count":4,"href":"https:\/\/www.centreinsight.es\/ca\/wp-json\/wp\/v2\/pages\/9730\/revisions"}],"predecessor-version":[{"id":11119,"href":"https:\/\/www.centreinsight.es\/ca\/wp-json\/wp\/v2\/pages\/9730\/revisions\/11119"}],"up":[{"embeddable":true,"href":"https:\/\/www.centreinsight.es\/ca\/wp-json\/wp\/v2\/pages\/9461"}],"wp:attachment":[{"href":"https:\/\/www.centreinsight.es\/ca\/wp-json\/wp\/v2\/media?parent=9730"}],"curies":[{"name":"wp","href":"https:\/\/api.w.org\/{rel}","templated":true}]}}