{"id":9752,"date":"2024-06-28T08:58:07","date_gmt":"2024-06-28T08:58:07","guid":{"rendered":"https:\/\/centreinsight.es\/equip\/"},"modified":"2024-07-29T07:59:01","modified_gmt":"2024-07-29T07:59:01","slug":"equip","status":"publish","type":"page","link":"https:\/\/www.centreinsight.es\/ca\/equip\/","title":{"rendered":"Equip"},"content":{"rendered":"<section class=\"l-section wpb_row height_small color_primary\"><div class=\"l-section-overlay\" style=\"background:var(--color-header-transparent-text)\"><\/div><div class=\"l-section-h i-cf\"><div class=\"g-cols vc_row via_grid cols_1 laptops-cols_inherit tablets-cols_inherit mobiles-cols_1 valign_top type_default stacking_default\"><div class=\"wpb_column vc_column_container\"><div class=\"vc_column-inner\"><div class=\"wpb_text_column\"><div class=\"wpb_wrapper\"><h1 style=\"text-align: center;\"><span style=\"color: #000000;\">Experts en psicologia d\u00b4Insight Sabadell<\/span><\/h1>\n<\/div><\/div><\/div><\/div><\/div><\/div><\/section><section class=\"l-section wpb_row height_small\"><div class=\"l-section-h i-cf\"><div class=\"g-cols vc_row via_grid cols_2 laptops-cols_inherit tablets-cols_inherit mobiles-cols_2 valign_top type_default stacking_default\"><div class=\"wpb_column vc_column_container\"><div class=\"vc_column-inner\"><div class=\"w-separator size_medium\"><\/div><div class=\"w-image style_circle align_center\"><div class=\"w-image-h\"><img decoding=\"async\" width=\"245\" height=\"248\" src=\"https:\/\/www.centreinsight.es\/wp-content\/uploads\/2024\/07\/jose-psicologo-sabadell2.jpg\" class=\"attachment-large size-large\" alt=\"\" loading=\"lazy\" \/><\/div><\/div><div class=\"wpb_text_column\"><div class=\"wpb_wrapper\"><h2 style=\"text-align: center;\">Jos\u00e9 R. Mart\u00edn<\/h2>\n<p>&nbsp;<\/p>\n<p style=\"text-align: center;\">Director<\/p>\n<p style=\"text-align: center;\">Psic\u00f2leg Sanitari Col. 24026<\/p>\n<div class=\"wpb_text_column\">\n<div class=\"wpb_wrapper\">\n<div class=\"elementor-element elementor-element-49edddc elementor-widget elementor-widget-heading\" data-id=\"49edddc\" data-element_type=\"widget\" data-widget_type=\"heading.default\">\n<div class=\"elementor-widget-container\">\n<div class=\"elementor-element elementor-element-7dfd843 elementor-widget elementor-widget-text-editor\" data-id=\"7dfd843\" data-element_type=\"widget\" data-widget_type=\"text-editor.default\">\n<div class=\"elementor-widget-container\">\n<div class=\"elementor-text-editor elementor-clearfix\">\n<p style=\"text-align: center;\"><a href=\"mailto:jrmartin@centreinsight.es\">jrmartin@centreinsight.es<\/a><\/p>\n<\/div>\n<\/div>\n<\/div>\n<div class=\"elementor-element elementor-element-446f2ac e-grid-align-mobile-center elementor-shape-rounded elementor-grid-0 e-grid-align-center elementor-widget elementor-widget-social-icons\" style=\"text-align: center;\" data-id=\"446f2ac\" data-element_type=\"widget\" data-widget_type=\"social-icons.default\">\n<div class=\"elementor-widget-container\">\n<div class=\"elementor-social-icons-wrapper elementor-grid\"><\/div>\n<\/div>\n<\/div>\n<\/div>\n<\/div>\n<div class=\"elementor-element elementor-element-7dfd843 elementor-widget elementor-widget-text-editor\" style=\"text-align: center;\" data-id=\"7dfd843\" data-element_type=\"widget\" data-widget_type=\"text-editor.default\">\n<div class=\"elementor-widget-container\">\n<div class=\"elementor-text-editor elementor-clearfix\"><\/div>\n<\/div>\n<\/div>\n<\/div>\n<\/div>\n<div class=\"wpb_raw_code wpb_raw_html wpb_content_element us_custom_909b2fd0\">\n<div><\/div>\n<div style=\"text-align: center;\"><a href=\"https:\/\/centreinsight.es\/ca\/equip\/jose-r-martin\/\">Saber m\u00e9s<\/a><\/div>\n<\/div>\n<\/div><\/div><\/div><\/div><div class=\"wpb_column vc_column_container\"><div class=\"vc_column-inner\"><div class=\"w-separator size_medium\"><\/div><div class=\"w-image style_circle align_center\"><div class=\"w-image-h\"><img decoding=\"async\" width=\"244\" height=\"248\" src=\"https:\/\/www.centreinsight.es\/wp-content\/uploads\/2024\/07\/noelia-psicologo-sabadell.jpg\" class=\"attachment-large size-large\" alt=\"\" loading=\"lazy\" \/><\/div><\/div><div class=\"wpb_text_column\"><div class=\"wpb_wrapper\"><h2 style=\"text-align: center;\">Noelia G. Mart\u00ednez<\/h2>\n<p>&nbsp;<\/p>\n<p style=\"text-align: center;\">Col\u00b7laboradora<\/p>\n<p style=\"text-align: center;\">Psic\u00f2loga Sanit\u00e0ria Col. 30448<\/p>\n<p style=\"text-align: center;\"><a href=\"mailto:noeliagmartinez@centreinsight.es\">noeliagmartinez@centreinsight.es<\/a><\/p>\n<p style=\"text-align: center;\"><a href=\"https:\/\/centreinsight.es\/ca\/equip\/noelia-g-martinez\/\">Saber m\u00e9s<\/a><\/p>\n<\/div><\/div><\/div><\/div><\/div><\/div><\/section><section class=\"l-section wpb_row height_small color_primary\"><div class=\"l-section-overlay\" style=\"background:var(--color-header-transparent-text)\"><\/div><div class=\"l-section-h i-cf\"><div class=\"g-cols vc_row via_grid cols_1 laptops-cols_inherit tablets-cols_inherit mobiles-cols_1 valign_top type_default stacking_default\"><div class=\"wpb_column vc_column_container\"><div class=\"vc_column-inner\"><div class=\"w-separator size_small\"><\/div><div class=\"w-btn-wrapper align_center\"><a class=\"w-btn us-btn-style_1\" href=\"https:\/\/centreinsight.es\/ca\/contacte\/\"><span class=\"w-btn-label\">Demanar cita amb els nostres psic\u00f2legs<\/span><\/a><\/div><div class=\"w-separator size_medium\"><\/div><\/div><\/div><\/div><\/div><\/section><section class=\"l-section wpb_row height_small\"><div class=\"l-section-h i-cf\"><div class=\"g-cols vc_row via_grid cols_2 laptops-cols_inherit tablets-cols_inherit mobiles-cols_1 valign_top type_default stacking_default\"><div class=\"wpb_column vc_column_container\"><div class=\"vc_column-inner\"><div class=\"w-separator size_medium\"><\/div><div class=\"wpb_text_column\"><div class=\"wpb_wrapper\"><h2>Experts en psicologia d\u00b4Insight Sabadell<\/h2>\n<p>  L&#8217;equip de Psicologia InSight Sabadell el formen especialistes graduats en psicologia, M\u00e0ster en Psicologia General Sanit\u00e0ria i col\u00b7legiats al Col\u00b7legi Oficial de Psic\u00f2legs de Catalunya. El nostre model d&#8217;intervenci\u00f3 psicol\u00f2gica s&#8217;enquadra dins de l&#8217;enfocament Cognitiu-Conductual i de tercera generaci\u00f3, adaptant-nos a les particularitats de cada persona segons la demanda i el perfil. Aix\u00f2 no obstant, ens mantenim en constant formaci\u00f3 i actualitzaci\u00f3 per poder oferir sempre els m\u00e8todes m\u00e9s efica\u00e7os. Ens agrada el tracte hum\u00e0, no portem bata blanca ni ens considerem experts en la vida de ning\u00fa, all\u00f2 que oferim \u00e9s una escolta respectuosa i l&#8217;ajuda m\u00e9s directa i sincera que puguem brindar. \u00c9s per aix\u00f2 que, si a la primera sessi\u00f3 gratu\u00efta (individual) identifiquem que la demanda de la persona requereix un perfil professional m\u00e9s especialitzat, no dubtem a derivar el cas, vetllant sempre per la millor soluci\u00f3 per al consultant, tal com dicta el codi \u00e8tic de la nostra professi\u00f3.<\/p>\n<\/div><\/div><\/div><\/div><div class=\"wpb_column vc_column_container\"><div class=\"vc_column-inner\"><div class=\"w-separator size_medium\"><\/div><div class=\"wpb_text_column\"><div class=\"wpb_wrapper\"><h2>Contacta amb nosaltres<\/h2>\n<\/div><\/div><div class=\"w-separator size_small\"><\/div><div class=\"w-html\">\n<div class=\"wpcf7 no-js\" id=\"wpcf7-f9500-o1\" lang=\"ca\" dir=\"ltr\" data-wpcf7-id=\"9500\">\n<div class=\"screen-reader-response\"><p role=\"status\" aria-live=\"polite\" aria-atomic=\"true\"><\/p> <ul><\/ul><\/div>\n<form action=\"\/ca\/wp-json\/wp\/v2\/pages\/9752#wpcf7-f9500-o1\" method=\"post\" class=\"wpcf7-form init\" aria-label=\"Formulari de contacte\" novalidate=\"novalidate\" data-status=\"init\">\n<fieldset class=\"hidden-fields-container\"><input type=\"hidden\" name=\"_wpcf7\" value=\"9500\" \/><input type=\"hidden\" name=\"_wpcf7_version\" value=\"6.1.5\" \/><input type=\"hidden\" name=\"_wpcf7_locale\" value=\"ca\" \/><input type=\"hidden\" name=\"_wpcf7_unit_tag\" value=\"wpcf7-f9500-o1\" \/><input type=\"hidden\" name=\"_wpcf7_container_post\" value=\"0\" \/><input type=\"hidden\" name=\"_wpcf7_posted_data_hash\" value=\"\" \/>\n<\/fieldset>\n<p><label> El teu nom <span class=\"wpcf7-form-control-wrap\" data-name=\"your-name\"><input size=\"40\" maxlength=\"400\" class=\"wpcf7-form-control wpcf7-text wpcf7-validates-as-required\" autocomplete=\"name\" aria-required=\"true\" aria-invalid=\"false\" value=\"\" type=\"text\" name=\"your-name\" \/><\/span> <\/label>\n<\/p>\n<p><label> El teu correu electr\u00f2nic <span class=\"wpcf7-form-control-wrap\" data-name=\"your-email\"><input size=\"40\" maxlength=\"400\" class=\"wpcf7-form-control wpcf7-email wpcf7-validates-as-required wpcf7-text wpcf7-validates-as-email\" autocomplete=\"email\" aria-required=\"true\" aria-invalid=\"false\" value=\"\" type=\"email\" name=\"your-email\" \/><\/span> <\/label>\n<\/p>\n<p><label> El teu missatge (opcional) <span class=\"wpcf7-form-control-wrap\" data-name=\"your-message\"><textarea cols=\"40\" rows=\"10\" maxlength=\"2000\" class=\"wpcf7-form-control wpcf7-textarea\" aria-invalid=\"false\" name=\"your-message\"><\/textarea><\/span> <\/label>\n<\/p>\n<p><input class=\"wpcf7-form-control wpcf7-submit has-spinner\" type=\"submit\" value=\"Enviar\" \/>\n<\/p><div class=\"wpcf7-response-output\" aria-hidden=\"true\"><\/div>\n<\/form>\n<\/div>\n<\/div><\/div><\/div><\/div><\/div><\/section><section class=\"l-section wpb_row height_small\"><div class=\"l-section-h i-cf\"><div class=\"g-cols vc_row via_grid cols_2 laptops-cols_inherit tablets-cols_inherit mobiles-cols_1 valign_top type_default stacking_default\"><div class=\"wpb_column vc_column_container\"><div class=\"vc_column-inner\"><div class=\"w-separator size_medium\"><\/div><div class=\"wpb_text_column\"><div class=\"wpb_wrapper\"><h2>En qu\u00e8 et podem ajudar?<\/h2>\n<p>  El primer i m\u00e9s important \u00e9s oferir un espai segur on el consultant es pugui obrir i se senti c\u00f2mode i segur. Abordar les dificultats de la vida \u00e9s sensible i respectem molt totes les persones que decideixen confiar en nosaltres per ajudar-los a identificar quines coses no van com els agradaria. I quines acostumen a ser aquestes coses? ser incapa\u00e7 de dir que no, tenir sensaci\u00f3 d&#8217;embotament emocional, no saber qu\u00e8 fer amb la nostra vida, insatisfacci\u00f3 general, sensaci\u00f3 de manca de control, f\u00f2bies, duels complicats, obsessions, en resum, tot all\u00f2 que afecta negativament l&#8217;estat d&#8217;\u00e0nim i\/o que provoca una sobreactivaci\u00f3 que genera malestar a les persones. Independentment del motiu que us porti a consulta, indagarem junts sobre com s&#8217;est\u00e0 mantenint aquest malestar en el present i de quina manera podem millorar aquestes din\u00e0miques i el que ens provoquen.<\/p>\n<\/div><\/div><\/div><\/div><div class=\"wpb_column vc_column_container\"><div class=\"vc_column-inner\"><div class=\"w-separator size_medium\"><\/div><div class=\"wpb_text_column\"><div class=\"wpb_wrapper\"><h2>Com treballem?<\/h2>\n<p>  Analitzarem el cas des del coneixement de la persona, com funciona en el context natural, en quines \u00e0rees s&#8217;estan presentant les dificultats i com ho estan fent, com se sent la persona amb la seva vida. La nostra manera d&#8217;abordar les dificultats de les persones \u00e9s analitzant la seva situaci\u00f3 personal, entendre quins elements s\u00f3n els que provoquen les afectacions emocionals a la seva vida i oferir recursos i eines perqu\u00e8 la persona pugui decidir quins canvis s\u00f3n convenients per sentir-se millor. Utilitzant ter\u00e0pia basada en l&#8217;evid\u00e8ncia (cognitivoconductual i de tercera generaci\u00f3), treballem perqu\u00e8 els consultants entenguin qu\u00e8 passa i per qu\u00e8, per brindar recursos que els permetin viure d&#8217;una manera m\u00e9s conscient i plena, perqu\u00e8 sentin en tot moment que disposen dels recursos necessaris per abordar qualsevol situaci\u00f3 que es presenti a les seves vides.<\/p>\n<\/div><\/div><\/div><\/div><\/div><\/div><\/section>\n","protected":false},"excerpt":{"rendered":"Experts en psicologia d\u00b4Insight Sabadell Jos\u00e9 R. Mart\u00edn &nbsp; Director Psic\u00f2leg Sanitari Col. 24026 jrmartin@centreinsight.es Saber m\u00e9s Noelia G. Mart\u00ednez &nbsp; Col\u00b7laboradora Psic\u00f2loga Sanit\u00e0ria Col. 30448 noeliagmartinez@centreinsight.es Saber m\u00e9s Demanar cita amb els nostres psic\u00f2legsExperts en psicologia d\u00b4Insight Sabadell L&#8217;equip de Psicologia InSight Sabadell el formen especialistes graduats en psicologia, M\u00e0ster en Psicologia General Sanit\u00e0ria...","protected":false},"author":1,"featured_media":0,"parent":0,"menu_order":0,"comment_status":"closed","ping_status":"closed","template":"","meta":{"footnotes":""},"class_list":["post-9752","page","type-page","status-publish","hentry"],"yoast_head":"<!-- This site is optimized with the Yoast SEO plugin v27.5 - https:\/\/yoast.com\/product\/yoast-seo-wordpress\/ -->\n<title>Psic\u00f2legs a Sabadell | Ter\u00e0pia Online i Presencial | InSight<\/title>\n<meta name=\"description\" content=\"Equip de psic\u00f2legs del Centre de Psicologia InSight a Sabadell.\" \/>\n<meta name=\"robots\" content=\"index, follow, max-snippet:-1, max-image-preview:large, max-video-preview:-1\" \/>\n<link rel=\"canonical\" href=\"https:\/\/www.centreinsight.es\/ca\/equip\/\" \/>\n<meta property=\"og:locale\" content=\"ca_ES\" \/>\n<meta property=\"og:type\" content=\"article\" \/>\n<meta property=\"og:title\" content=\"Psic\u00f2legs a Sabadell | Ter\u00e0pia Online i Presencial | InSight\" \/>\n<meta property=\"og:description\" content=\"Equip de psic\u00f2legs del Centre de Psicologia InSight a Sabadell.\" \/>\n<meta property=\"og:url\" content=\"https:\/\/www.centreinsight.es\/ca\/equip\/\" \/>\n<meta property=\"og:site_name\" content=\"Centre Insight\" \/>\n<meta property=\"article:publisher\" content=\"https:\/\/www.facebook.com\/centrepsicologiainsight\" \/>\n<meta property=\"article:modified_time\" content=\"2024-07-29T07:59:01+00:00\" \/>\n<meta name=\"twitter:card\" content=\"summary_large_image\" \/>\n<meta name=\"twitter:site\" content=\"@Insightsbd\" \/>\n<meta name=\"twitter:label1\" content=\"Temps estimat de lectura\" \/>\n\t<meta name=\"twitter:data1\" content=\"4 minuts\" \/>\n<script type=\"application\/ld+json\" class=\"yoast-schema-graph\">{\"@context\":\"https:\\\/\\\/schema.org\",\"@graph\":[{\"@type\":\"WebPage\",\"@id\":\"https:\\\/\\\/www.centreinsight.es\\\/ca\\\/equip\\\/\",\"url\":\"https:\\\/\\\/www.centreinsight.es\\\/ca\\\/equip\\\/\",\"name\":\"Psic\u00f2legs a Sabadell | Ter\u00e0pia Online i Presencial | InSight\",\"isPartOf\":{\"@id\":\"https:\\\/\\\/www.centreinsight.es\\\/ca\\\/#website\"},\"datePublished\":\"2024-06-28T08:58:07+00:00\",\"dateModified\":\"2024-07-29T07:59:01+00:00\",\"description\":\"Equip de psic\u00f2legs del Centre de Psicologia InSight a Sabadell.\",\"breadcrumb\":{\"@id\":\"https:\\\/\\\/www.centreinsight.es\\\/ca\\\/equip\\\/#breadcrumb\"},\"inLanguage\":\"ca\",\"potentialAction\":[{\"@type\":\"ReadAction\",\"target\":[\"https:\\\/\\\/www.centreinsight.es\\\/ca\\\/equip\\\/\"]}]},{\"@type\":\"BreadcrumbList\",\"@id\":\"https:\\\/\\\/www.centreinsight.es\\\/ca\\\/equip\\\/#breadcrumb\",\"itemListElement\":[{\"@type\":\"ListItem\",\"position\":1,\"name\":\"Psic\u00f3logo en Sabadell\",\"item\":\"https:\\\/\\\/www.centreinsight.es\\\/ca\\\/\"},{\"@type\":\"ListItem\",\"position\":2,\"name\":\"Equip\"}]},{\"@type\":\"WebSite\",\"@id\":\"https:\\\/\\\/www.centreinsight.es\\\/ca\\\/#website\",\"url\":\"https:\\\/\\\/www.centreinsight.es\\\/ca\\\/\",\"name\":\"Centre Insight\",\"description\":\"Centro de psic\u00f3logos en Sabadell\",\"potentialAction\":[{\"@type\":\"SearchAction\",\"target\":{\"@type\":\"EntryPoint\",\"urlTemplate\":\"https:\\\/\\\/www.centreinsight.es\\\/ca\\\/?s={search_term_string}\"},\"query-input\":{\"@type\":\"PropertyValueSpecification\",\"valueRequired\":true,\"valueName\":\"search_term_string\"}}],\"inLanguage\":\"ca\"}]}<\/script>\n<!-- \/ Yoast SEO plugin. -->","yoast_head_json":{"title":"Psic\u00f2legs a Sabadell | Ter\u00e0pia Online i Presencial | InSight","description":"Equip de psic\u00f2legs del Centre de Psicologia InSight a Sabadell.","robots":{"index":"index","follow":"follow","max-snippet":"max-snippet:-1","max-image-preview":"max-image-preview:large","max-video-preview":"max-video-preview:-1"},"canonical":"https:\/\/www.centreinsight.es\/ca\/equip\/","og_locale":"ca_ES","og_type":"article","og_title":"Psic\u00f2legs a Sabadell | Ter\u00e0pia Online i Presencial | InSight","og_description":"Equip de psic\u00f2legs del Centre de Psicologia InSight a Sabadell.","og_url":"https:\/\/www.centreinsight.es\/ca\/equip\/","og_site_name":"Centre Insight","article_publisher":"https:\/\/www.facebook.com\/centrepsicologiainsight","article_modified_time":"2024-07-29T07:59:01+00:00","twitter_card":"summary_large_image","twitter_site":"@Insightsbd","twitter_misc":{"Temps estimat de lectura":"4 minuts"},"schema":{"@context":"https:\/\/schema.org","@graph":[{"@type":"WebPage","@id":"https:\/\/www.centreinsight.es\/ca\/equip\/","url":"https:\/\/www.centreinsight.es\/ca\/equip\/","name":"Psic\u00f2legs a Sabadell | Ter\u00e0pia Online i Presencial | InSight","isPartOf":{"@id":"https:\/\/www.centreinsight.es\/ca\/#website"},"datePublished":"2024-06-28T08:58:07+00:00","dateModified":"2024-07-29T07:59:01+00:00","description":"Equip de psic\u00f2legs del Centre de Psicologia InSight a Sabadell.","breadcrumb":{"@id":"https:\/\/www.centreinsight.es\/ca\/equip\/#breadcrumb"},"inLanguage":"ca","potentialAction":[{"@type":"ReadAction","target":["https:\/\/www.centreinsight.es\/ca\/equip\/"]}]},{"@type":"BreadcrumbList","@id":"https:\/\/www.centreinsight.es\/ca\/equip\/#breadcrumb","itemListElement":[{"@type":"ListItem","position":1,"name":"Psic\u00f3logo en Sabadell","item":"https:\/\/www.centreinsight.es\/ca\/"},{"@type":"ListItem","position":2,"name":"Equip"}]},{"@type":"WebSite","@id":"https:\/\/www.centreinsight.es\/ca\/#website","url":"https:\/\/www.centreinsight.es\/ca\/","name":"Centre Insight","description":"Centro de psic\u00f3logos en Sabadell","potentialAction":[{"@type":"SearchAction","target":{"@type":"EntryPoint","urlTemplate":"https:\/\/www.centreinsight.es\/ca\/?s={search_term_string}"},"query-input":{"@type":"PropertyValueSpecification","valueRequired":true,"valueName":"search_term_string"}}],"inLanguage":"ca"}]}},"_links":{"self":[{"href":"https:\/\/www.centreinsight.es\/ca\/wp-json\/wp\/v2\/pages\/9752","targetHints":{"allow":["GET"]}}],"collection":[{"href":"https:\/\/www.centreinsight.es\/ca\/wp-json\/wp\/v2\/pages"}],"about":[{"href":"https:\/\/www.centreinsight.es\/ca\/wp-json\/wp\/v2\/types\/page"}],"author":[{"embeddable":true,"href":"https:\/\/www.centreinsight.es\/ca\/wp-json\/wp\/v2\/users\/1"}],"replies":[{"embeddable":true,"href":"https:\/\/www.centreinsight.es\/ca\/wp-json\/wp\/v2\/comments?post=9752"}],"version-history":[{"count":0,"href":"https:\/\/www.centreinsight.es\/ca\/wp-json\/wp\/v2\/pages\/9752\/revisions"}],"wp:attachment":[{"href":"https:\/\/www.centreinsight.es\/ca\/wp-json\/wp\/v2\/media?parent=9752"}],"curies":[{"name":"wp","href":"https:\/\/api.w.org\/{rel}","templated":true}]}}