{"id":9764,"date":"2024-06-27T07:32:38","date_gmt":"2024-06-27T07:32:38","guid":{"rendered":"https:\/\/centreinsight.es\/serveis\/terapia-de-parella-a-sabadell\/"},"modified":"2026-03-09T11:22:53","modified_gmt":"2026-03-09T11:22:53","slug":"terapia-de-parella-a-sabadell","status":"publish","type":"page","link":"https:\/\/www.centreinsight.es\/ca\/serveis\/terapia-de-parella-a-sabadell\/","title":{"rendered":"Ter\u00e0pia de parella a sabadell"},"content":{"rendered":"<section class=\"l-section wpb_row us_custom_dfa38ecb height_small color_primary\"><div class=\"l-section-overlay\" style=\"background:var(--color-header-top-transparent-bg)\"><\/div><div class=\"l-section-h i-cf\"><div class=\"g-cols vc_row via_grid cols_1 laptops-cols_inherit tablets-cols_inherit mobiles-cols_1 valign_top type_default stacking_default\"><div class=\"wpb_column vc_column_container\"><div class=\"vc_column-inner\"><div class=\"w-separator size_small\"><\/div><nav class=\"g-breadcrumbs separator_icon align_center hide_current\" itemscope itemtype=\"http:\/\/schema.org\/BreadcrumbList\"><div class=\"g-breadcrumbs-item\" itemscope itemprop=\"itemListElement\" itemtype=\"http:\/\/schema.org\/ListItem\"><a itemprop=\"item\" href=\"https:\/\/www.centreinsight.es\/ca\/\"><span itemprop=\"name\">Psic\u00f2legs a Sabadell<\/span><\/a><meta itemprop=\"position\" content=\"1\"\/><\/div><div class=\"g-breadcrumbs-separator\"><i class=\"far fa-angle-right\"><\/i><\/div><div class=\"g-breadcrumbs-item\">P\u00e0gines<\/div><\/nav><div class=\"wpb_text_column\"><div class=\"wpb_wrapper\"><h1 style=\"text-align: center;\">Ter\u00e0pia de parella a Sabadell<\/h1>\n<\/div><\/div><div class=\"w-separator size_medium\"><\/div><div class=\"w-html\"><script defer async src='https:\/\/cdn.trustindex.io\/loader.js?15a22d1648f6364ca716ad684ed'><\/script>  <\/div><div class=\"w-hwrapper valign_middle align_center\"><div class=\"w-btn-wrapper align_center\"><a class=\"w-btn us-btn-style_1\" href=\"#contacta\"><span class=\"w-btn-label\">Demanar cita amb els nostres psic\u00f2legs<\/span><\/a><\/div><div class=\"w-btn-wrapper align_center\"><a class=\"w-btn us-btn-style_1 us_custom_a9d4f67a icon_atleft\" href=\"tel:620039045\"><i class=\"fas fa-phone\"><\/i><span class=\"w-btn-label\">Trucar ara<\/span><\/a><\/div><\/div><\/div><\/div><\/div><\/div><\/section><section class=\"l-section wpb_row height_small\"><div class=\"l-section-h i-cf\"><div class=\"g-cols vc_row via_grid cols_2 laptops-cols_inherit tablets-cols_inherit mobiles-cols_1 valign_top type_default stacking_default\"><div class=\"wpb_column vc_column_container\"><div class=\"vc_column-inner\"><div class=\"w-separator size_medium\"><\/div><div class=\"wpb_text_column\"><div class=\"wpb_wrapper\"><h2>Ter\u00e0pies de parella presencials i online<\/h2>\n<p>Moltes vegades les parelles travessen certs moments de crisi durant els anys a causa de diferents factors. Quan aquestes crisis tenen lloc s\u00f3n moments durs, d&#8217;incertesa ja que potser la parella vol treballar per canviar la situaci\u00f3 per\u00f2 no saben com fer-ho.<\/p>\n<p>En ter\u00e0pia de parella tractem aspectes com baralles, tristesa, manca d&#8217;afecte o de comprensi\u00f3, diferents projectes vitals, problemes relacionats amb el sexe, infidelitats, divorci, separaci\u00f3, etc.<\/p>\n<\/div><\/div><\/div><\/div><div class=\"wpb_column vc_column_container\" id=\"contacta\"><div class=\"vc_column-inner\"><div class=\"w-separator size_medium\"><\/div><div class=\"wpb_text_column\"><div class=\"wpb_wrapper\"><h2>Contacta amb nosaltres<\/h2>\n<\/div><\/div><div class=\"w-separator size_small\"><\/div><div class=\"w-html\">\n<div class=\"wpcf7 no-js\" id=\"wpcf7-f9500-o1\" lang=\"ca\" dir=\"ltr\" data-wpcf7-id=\"9500\">\n<div class=\"screen-reader-response\"><p role=\"status\" aria-live=\"polite\" aria-atomic=\"true\"><\/p> <ul><\/ul><\/div>\n<form action=\"\/ca\/wp-json\/wp\/v2\/pages\/9764#wpcf7-f9500-o1\" method=\"post\" class=\"wpcf7-form init\" aria-label=\"Formulari de contacte\" novalidate=\"novalidate\" data-status=\"init\">\n<fieldset class=\"hidden-fields-container\"><input type=\"hidden\" name=\"_wpcf7\" value=\"9500\" \/><input type=\"hidden\" name=\"_wpcf7_version\" value=\"6.1.5\" \/><input type=\"hidden\" name=\"_wpcf7_locale\" value=\"ca\" \/><input type=\"hidden\" name=\"_wpcf7_unit_tag\" value=\"wpcf7-f9500-o1\" \/><input type=\"hidden\" name=\"_wpcf7_container_post\" value=\"0\" \/><input type=\"hidden\" name=\"_wpcf7_posted_data_hash\" value=\"\" \/>\n<\/fieldset>\n<p><label> El teu nom <span class=\"wpcf7-form-control-wrap\" data-name=\"your-name\"><input size=\"40\" maxlength=\"400\" class=\"wpcf7-form-control wpcf7-text wpcf7-validates-as-required\" autocomplete=\"name\" aria-required=\"true\" aria-invalid=\"false\" value=\"\" type=\"text\" name=\"your-name\" \/><\/span> <\/label>\n<\/p>\n<p><label> El teu correu electr\u00f2nic <span class=\"wpcf7-form-control-wrap\" data-name=\"your-email\"><input size=\"40\" maxlength=\"400\" class=\"wpcf7-form-control wpcf7-email wpcf7-validates-as-required wpcf7-text wpcf7-validates-as-email\" autocomplete=\"email\" aria-required=\"true\" aria-invalid=\"false\" value=\"\" type=\"email\" name=\"your-email\" \/><\/span> <\/label>\n<\/p>\n<p><label> El teu missatge (opcional) <span class=\"wpcf7-form-control-wrap\" data-name=\"your-message\"><textarea cols=\"40\" rows=\"10\" maxlength=\"2000\" class=\"wpcf7-form-control wpcf7-textarea\" aria-invalid=\"false\" name=\"your-message\"><\/textarea><\/span> <\/label>\n<\/p>\n<p><input class=\"wpcf7-form-control wpcf7-submit has-spinner\" type=\"submit\" value=\"Enviar\" \/>\n<\/p><div class=\"wpcf7-response-output\" aria-hidden=\"true\"><\/div>\n<\/form>\n<\/div>\n<\/div><\/div><\/div><\/div><\/div><\/section><section class=\"l-section wpb_row height_auto width_custom\" style=\"--site-content-width:1300px;\"><div class=\"l-section-h i-cf\"><div class=\"g-cols vc_row via_grid cols_2-1 laptops-cols_inherit tablets-cols_1 mobiles-cols_1 valign_top type_default stacking_default\" style=\"--columns-gap:0rem;\"><div class=\"wpb_column vc_column_container us_custom_8f4479a9\"><div class=\"vc_column-inner\"><div class=\"g-cols wpb_row via_grid cols_1 laptops-cols_1 tablets-cols_1 mobiles-cols_1 valign_middle type_default stacking_default\" style=\"--columns-gap:3rem;\"><div class=\"wpb_column vc_column_container\"><div class=\"vc_column-inner\"><div class=\"wpb_text_column\"><div class=\"wpb_wrapper\"><h2>Objectius de les ter\u00e0pies de parella<\/h2>\n<section class=\"elementor-section elementor-top-section elementor-element elementor-element-223415fc elementor-section-stretched elementor-section-boxed elementor-section-height-default elementor-section-height-default\" data-id=\"223415fc\" data-element_type=\"section\" data-settings=\"{\"stretch_section\":\"section-stretched\"}\">\n<div class=\"elementor-container elementor-column-gap-default\">\n<div class=\"elementor-row\">\n<div class=\"elementor-column elementor-col-100 elementor-top-column elementor-element elementor-element-1510cda\" data-id=\"1510cda\" data-element_type=\"column\">\n<div class=\"elementor-column-wrap elementor-element-populated\">\n<div class=\"elementor-widget-wrap\">\n<section class=\"elementor-section elementor-inner-section elementor-element elementor-element-1d7535b1 elementor-section-boxed elementor-section-height-default elementor-section-height-default\" data-id=\"1d7535b1\" data-element_type=\"section\">\n<div class=\"elementor-container elementor-column-gap-wider\">\n<div class=\"elementor-row\">\n<div class=\"elementor-column elementor-col-50 elementor-inner-column elementor-element elementor-element-45937211\" data-id=\"45937211\" data-element_type=\"column\">\n<div class=\"elementor-column-wrap elementor-element-populated\">\n<div class=\"elementor-widget-wrap\">\n<div class=\"elementor-element elementor-element-6c7149fa elementor-widget elementor-widget-text-editor\" data-id=\"6c7149fa\" data-element_type=\"widget\" data-widget_type=\"text-editor.default\">\n<div class=\"elementor-widget-container\">\n<div class=\"elementor-text-editor elementor-clearfix\">\n<p>A trav\u00e9s de la ter\u00e0pia de parella es pret\u00e9n avaluar els objectius dels dos membres de la parella, amb la finalitat de millorar o recuperar la qualitat de la relaci\u00f3 que ambd\u00f3s membres desitgin. Amb l&#8217;ajuda de la ter\u00e0pia de parella es poden reconduir situacions emocionals i personals que enterboleixen la bona comunicaci\u00f3 i els sentiments durant aquestes crisis. Demaneu la vostra primera visita i comenteu-nos el vostre cas.<\/p>\n<\/div>\n<\/div>\n<\/div>\n<\/div>\n<\/div>\n<\/div>\n<\/div>\n<\/div>\n<\/section>\n<\/div>\n<\/div>\n<\/div>\n<\/div>\n<\/div>\n<\/section>\n<section class=\"elementor-section elementor-top-section elementor-element elementor-element-69eacfd elementor-section-boxed elementor-section-height-default elementor-section-height-default\" data-id=\"69eacfd\" data-element_type=\"section\">\n<div class=\"elementor-container elementor-column-gap-default\">\n<div class=\"elementor-row\">\n<div class=\"elementor-column elementor-col-100 elementor-top-column elementor-element elementor-element-7be7c68\" data-id=\"7be7c68\" data-element_type=\"column\">\n<div class=\"elementor-column-wrap elementor-element-populated\">\n<div class=\"elementor-widget-wrap\">\n<div class=\"elementor-element elementor-element-baa7885 elementor-widget elementor-widget-heading\" data-id=\"baa7885\" data-element_type=\"widget\" data-widget_type=\"heading.default\">\n<div class=\"elementor-widget-container\">\n<section class=\"elementor-section elementor-top-section elementor-element elementor-element-69eacfd elementor-section-boxed elementor-section-height-default elementor-section-height-default\" data-id=\"69eacfd\" data-element_type=\"section\">\n<div class=\"elementor-container elementor-column-gap-default\">\n<div class=\"elementor-row\">\n<div class=\"elementor-column elementor-col-100 elementor-top-column elementor-element elementor-element-7be7c68\" data-id=\"7be7c68\" data-element_type=\"column\">\n<div class=\"elementor-column-wrap elementor-element-populated\">\n<div class=\"elementor-widget-wrap\">\n<div class=\"elementor-element elementor-element-baa7885 elementor-widget elementor-widget-heading\" data-id=\"baa7885\" data-element_type=\"widget\" data-widget_type=\"heading.default\">\n<div class=\"elementor-widget-container\">\n<h3 class=\"elementor-heading-title elementor-size-default\">Com treballem?<\/h3>\n<\/div>\n<\/div>\n<\/div>\n<\/div>\n<\/div>\n<\/div>\n<\/div>\n<\/section>\n<section class=\"elementor-section elementor-top-section elementor-element elementor-element-ceaa1f7 elementor-section-boxed elementor-section-height-default elementor-section-height-default\" data-id=\"ceaa1f7\" data-element_type=\"section\">\n<div class=\"elementor-container elementor-column-gap-default\">\n<div class=\"elementor-row\">\n<div class=\"elementor-column elementor-col-100 elementor-top-column elementor-element elementor-element-a0386e0\" data-id=\"a0386e0\" data-element_type=\"column\">\n<div class=\"elementor-column-wrap elementor-element-populated\">\n<div class=\"elementor-widget-wrap\">\n<div class=\"elementor-element elementor-element-9bcdb2b elementor-widget elementor-widget-text-editor\" data-id=\"9bcdb2b\" data-element_type=\"widget\" data-widget_type=\"text-editor.default\">\n<div class=\"elementor-widget-container\">\n<div class=\"elementor-text-editor elementor-clearfix\">\n<p>En ter\u00e0pia de parella analitzem quina relaci\u00f3 funcional hi ha entre les dificultats de la parella i la forma de relacionar-se. Des del model de la Ter\u00e0pia integral de parella i en nom\u00e9s 4 sessions (1 conjunta + 1 individual amb cada membre + sessi\u00f3 de devoluci\u00f3) oferim una avaluaci\u00f3 i una devoluci\u00f3 indicant les \u00e0rees de millora detectades amb algunes recomanacions per abordar-les. Moltes vegades, amb aquestes 4 sessions, les parelles ja poden identificar qu\u00e8 falla i aplicar els canvis necessaris per reconduir la seva relaci\u00f3.<\/p>\n<\/div>\n<\/div>\n<\/div>\n<\/div>\n<\/div>\n<\/div>\n<\/div>\n<\/div>\n<\/section>\n<\/div>\n<\/div>\n<\/div>\n<\/div>\n<\/div>\n<\/div>\n<\/div>\n<\/section>\n<\/div><\/div><\/div><\/div><\/div><\/div><\/div><div class=\"wpb_column vc_column_container us_custom_643994cb hide_on_tablets hide_on_mobiles has_bg_color\"><div class=\"vc_column-inner\"><\/div><\/div><\/div><\/div><\/section><section class=\"l-section wpb_row height_small\"><div class=\"l-section-h i-cf\"><div class=\"g-cols vc_row via_grid cols_1 laptops-cols_inherit tablets-cols_inherit mobiles-cols_1 valign_top type_default stacking_default\"><div class=\"wpb_column vc_column_container\"><div class=\"vc_column-inner\"><div class=\"wpb_text_column\"><div class=\"wpb_wrapper\"><h3 style=\"text-align: center;\">Qu\u00e8 opinen els nostres pacients de ter\u00e0pia de parella?<\/h3>\n<\/div><\/div><div class=\"w-separator size_medium\"><\/div><div class=\"w-html\"><script defer async src='https:\/\/cdn.trustindex.io\/loader.js?ef1ec7a645aa37231186a7e2c17'><\/script><\/div><div class=\"wpb_text_column us_custom_8e09cc6b\"><div class=\"wpb_wrapper\"><p style=\"text-align: center;\">Demana la teva primera visita de <strong>ter\u00e0pia de parella a sabadell<\/strong> <strong>o online<\/strong> i tra\u00e7arem el pla de psicologia i psicoter\u00e0pia m\u00e9s adequat per a la vostra situaci\u00f3.<\/p>\n<\/div><\/div><div class=\"w-btn-wrapper align_center\"><a class=\"w-btn us-btn-style_1 icon_atleft\" href=\"tel:620039045\"><i class=\"fas fa-phone\"><\/i><span class=\"w-btn-label\">Demaneu cita ara<\/span><\/a><\/div><\/div><\/div><\/div><\/div><\/section><section class=\"l-section wpb_row us_custom_539f15ee height_small width_custom\" style=\"--site-content-width:1200px;\"><div class=\"l-section-h i-cf\"><div class=\"g-cols vc_row via_grid cols_1 laptops-cols_inherit tablets-cols_inherit mobiles-cols_1 valign_top type_default stacking_default\"><div class=\"wpb_column vc_column_container\"><div class=\"vc_column-inner\"><h2 class=\"w-text us_custom_eb849559\"><span class=\"w-text-h\"><span class=\"w-text-value\">Preus de ter\u00e0pia de parella presencial i online<\/span><\/span><\/h2><div class=\"wpb_text_column\"><div class=\"wpb_wrapper\"><p style=\"text-align: center;\">Trieu el tipus de <strong>ter\u00e0pia de parella<\/strong> (online o presencial) i reserveu la vostra primera visita.<\/p>\n<\/div><\/div><\/div><\/div><\/div><\/div><\/section><section class=\"l-section wpb_row us_custom_2116e4b7 height_small width_custom\" style=\"--site-content-width:1200px;\"><div class=\"l-section-h i-cf\"><div class=\"g-cols vc_row via_grid cols_2 laptops-cols_inherit tablets-cols_inherit mobiles-cols_1 valign_middle type_default stacking_default\" style=\"--columns-gap:20px;\"><div class=\"wpb_column vc_column_container us_custom_dff89198 has_bg_color\"><div class=\"vc_column-inner\"><div class=\"wpb_text_column us_custom_c314e366\"><div class=\"wpb_wrapper\"><div class=\"elementor-price-table__header\">\n<h3 class=\"elementor-price-table__heading\"><span style=\"color: #318e8d;\">Ter\u00e0pia de parella presencial<\/span><\/h3>\n<p>&nbsp;<\/p>\n<\/div>\n<div class=\"elementor-price-table__price\"><span class=\"elementor-price-table__integer-part\" style=\"font-size: 45px;\">70<\/span> <span class=\"elementor-price-table__currency elementor-currency--after\">\u20ac<\/span><\/div>\n<div class=\"elementor-price-table__price\"><span class=\"elementor-price-table__period elementor-typo-excluded\">Sessi\u00f3<\/span><span style=\"color: #26caab;\"><\/span><\/div>\n<\/div><\/div><div class=\"w-btn-wrapper align_center\"><a class=\"w-btn us-btn-style_1 icon_atleft\" href=\"tel:620039045\"><i class=\"fas fa-phone\"><\/i><span class=\"w-btn-label\">trucar sense comprom\u00eds<\/span><\/a><\/div><\/div><\/div><div class=\"wpb_column vc_column_container us_custom_dff89198 has_bg_color\"><div class=\"vc_column-inner\"><div class=\"wpb_text_column us_custom_c314e366\"><div class=\"wpb_wrapper\"><div class=\"elementor-price-table__header\">\n<h3 class=\"elementor-price-table__heading\"><span style=\"color: #318e8d;\">Ter\u00e0pia de parella online<\/span><\/h3>\n<p>&nbsp;<\/p>\n<\/div>\n<div class=\"elementor-price-table__price\"><span class=\"elementor-price-table__integer-part\" style=\"font-size: 45px;\">70<\/span> <span class=\"elementor-price-table__currency elementor-currency--after\">\u20ac<\/span><\/div>\n<div class=\"elementor-price-table__price\"><span class=\"elementor-price-table__period elementor-typo-excluded\">Sessi\u00f3<\/span><\/div>\n<\/div><\/div><div class=\"w-btn-wrapper align_center\"><a class=\"w-btn us-btn-style_1 icon_atleft\" href=\"tel:620039045\"><i class=\"fas fa-phone\"><\/i><span class=\"w-btn-label\">trucar sense comprom\u00eds<\/span><\/a><\/div><\/div><\/div><\/div><\/div><\/section>\n","protected":false},"excerpt":{"rendered":"Psic\u00f2legs a SabadellP\u00e0ginesTer\u00e0pia de parella a Sabadell Demanar cita amb els nostres psic\u00f2legsTrucar araTer\u00e0pies de parella presencials i online Moltes vegades les parelles travessen certs moments de crisi durant els anys a causa de diferents factors. Quan aquestes crisis tenen lloc s\u00f3n moments durs, d&#8217;incertesa ja que potser la parella vol treballar per canviar la...","protected":false},"author":1,"featured_media":0,"parent":9461,"menu_order":0,"comment_status":"closed","ping_status":"closed","template":"","meta":{"footnotes":""},"class_list":["post-9764","page","type-page","status-publish","hentry"],"yoast_head":"<!-- This site is optimized with the Yoast SEO plugin v27.4 - https:\/\/yoast.com\/product\/yoast-seo-wordpress\/ -->\n<title>Ter\u00e0pia de Parella a Sabadell | Psic\u00f2legs Centre InSight<\/title>\n<meta name=\"description\" content=\"Ter\u00e0pia de parella a Sabadell o en l\u00ednia. Consulta els nostres experts en ter\u00e0pia matrimonial (discussions, distanciament, etc.). Llegir!\" \/>\n<meta name=\"robots\" content=\"index, follow, max-snippet:-1, max-image-preview:large, max-video-preview:-1\" \/>\n<link rel=\"canonical\" href=\"https:\/\/www.centreinsight.es\/ca\/serveis\/terapia-de-parella-a-sabadell\/\" \/>\n<meta property=\"og:locale\" content=\"ca_ES\" \/>\n<meta property=\"og:type\" content=\"article\" \/>\n<meta property=\"og:title\" content=\"Ter\u00e0pia de Parella a Sabadell | Psic\u00f2legs Centre InSight\" \/>\n<meta property=\"og:description\" content=\"Ter\u00e0pia de parella a Sabadell o en l\u00ednia. Consulta els nostres experts en ter\u00e0pia matrimonial (discussions, distanciament, etc.). Llegir!\" \/>\n<meta property=\"og:url\" content=\"https:\/\/www.centreinsight.es\/ca\/serveis\/terapia-de-parella-a-sabadell\/\" \/>\n<meta property=\"og:site_name\" content=\"Centre Insight\" \/>\n<meta property=\"article:publisher\" content=\"https:\/\/www.facebook.com\/centrepsicologiainsight\" \/>\n<meta property=\"article:modified_time\" content=\"2026-03-09T11:22:53+00:00\" \/>\n<meta name=\"twitter:card\" content=\"summary_large_image\" \/>\n<meta name=\"twitter:site\" content=\"@Insightsbd\" \/>\n<meta name=\"twitter:label1\" content=\"Temps estimat de lectura\" \/>\n\t<meta name=\"twitter:data1\" content=\"6 minuts\" \/>\n<script type=\"application\/ld+json\" class=\"yoast-schema-graph\">{\"@context\":\"https:\\\/\\\/schema.org\",\"@graph\":[{\"@type\":\"WebPage\",\"@id\":\"https:\\\/\\\/www.centreinsight.es\\\/ca\\\/serveis\\\/terapia-de-parella-a-sabadell\\\/\",\"url\":\"https:\\\/\\\/www.centreinsight.es\\\/ca\\\/serveis\\\/terapia-de-parella-a-sabadell\\\/\",\"name\":\"Ter\u00e0pia de Parella a Sabadell | Psic\u00f2legs Centre InSight\",\"isPartOf\":{\"@id\":\"https:\\\/\\\/www.centreinsight.es\\\/ca\\\/#website\"},\"datePublished\":\"2024-06-27T07:32:38+00:00\",\"dateModified\":\"2026-03-09T11:22:53+00:00\",\"description\":\"Ter\u00e0pia de parella a Sabadell o en l\u00ednia. Consulta els nostres experts en ter\u00e0pia matrimonial (discussions, distanciament, etc.). Llegir!\",\"breadcrumb\":{\"@id\":\"https:\\\/\\\/www.centreinsight.es\\\/ca\\\/serveis\\\/terapia-de-parella-a-sabadell\\\/#breadcrumb\"},\"inLanguage\":\"ca\",\"potentialAction\":[{\"@type\":\"ReadAction\",\"target\":[\"https:\\\/\\\/www.centreinsight.es\\\/ca\\\/serveis\\\/terapia-de-parella-a-sabadell\\\/\"]}]},{\"@type\":\"BreadcrumbList\",\"@id\":\"https:\\\/\\\/www.centreinsight.es\\\/ca\\\/serveis\\\/terapia-de-parella-a-sabadell\\\/#breadcrumb\",\"itemListElement\":[{\"@type\":\"ListItem\",\"position\":1,\"name\":\"Psic\u00f3logo en Sabadell\",\"item\":\"https:\\\/\\\/www.centreinsight.es\\\/ca\\\/\"},{\"@type\":\"ListItem\",\"position\":2,\"name\":\"Serveis\",\"item\":\"https:\\\/\\\/www.centreinsight.es\\\/ca\\\/servicios\\\/\"},{\"@type\":\"ListItem\",\"position\":3,\"name\":\"Ter\u00e0pia de parella a sabadell\"}]},{\"@type\":\"WebSite\",\"@id\":\"https:\\\/\\\/www.centreinsight.es\\\/ca\\\/#website\",\"url\":\"https:\\\/\\\/www.centreinsight.es\\\/ca\\\/\",\"name\":\"Centre Insight\",\"description\":\"Centro de psic\u00f3logos en Sabadell\",\"potentialAction\":[{\"@type\":\"SearchAction\",\"target\":{\"@type\":\"EntryPoint\",\"urlTemplate\":\"https:\\\/\\\/www.centreinsight.es\\\/ca\\\/?s={search_term_string}\"},\"query-input\":{\"@type\":\"PropertyValueSpecification\",\"valueRequired\":true,\"valueName\":\"search_term_string\"}}],\"inLanguage\":\"ca\"}]}<\/script>\n<!-- \/ Yoast SEO plugin. -->","yoast_head_json":{"title":"Ter\u00e0pia de Parella a Sabadell | Psic\u00f2legs Centre InSight","description":"Ter\u00e0pia de parella a Sabadell o en l\u00ednia. Consulta els nostres experts en ter\u00e0pia matrimonial (discussions, distanciament, etc.). Llegir!","robots":{"index":"index","follow":"follow","max-snippet":"max-snippet:-1","max-image-preview":"max-image-preview:large","max-video-preview":"max-video-preview:-1"},"canonical":"https:\/\/www.centreinsight.es\/ca\/serveis\/terapia-de-parella-a-sabadell\/","og_locale":"ca_ES","og_type":"article","og_title":"Ter\u00e0pia de Parella a Sabadell | Psic\u00f2legs Centre InSight","og_description":"Ter\u00e0pia de parella a Sabadell o en l\u00ednia. Consulta els nostres experts en ter\u00e0pia matrimonial (discussions, distanciament, etc.). Llegir!","og_url":"https:\/\/www.centreinsight.es\/ca\/serveis\/terapia-de-parella-a-sabadell\/","og_site_name":"Centre Insight","article_publisher":"https:\/\/www.facebook.com\/centrepsicologiainsight","article_modified_time":"2026-03-09T11:22:53+00:00","twitter_card":"summary_large_image","twitter_site":"@Insightsbd","twitter_misc":{"Temps estimat de lectura":"6 minuts"},"schema":{"@context":"https:\/\/schema.org","@graph":[{"@type":"WebPage","@id":"https:\/\/www.centreinsight.es\/ca\/serveis\/terapia-de-parella-a-sabadell\/","url":"https:\/\/www.centreinsight.es\/ca\/serveis\/terapia-de-parella-a-sabadell\/","name":"Ter\u00e0pia de Parella a Sabadell | Psic\u00f2legs Centre InSight","isPartOf":{"@id":"https:\/\/www.centreinsight.es\/ca\/#website"},"datePublished":"2024-06-27T07:32:38+00:00","dateModified":"2026-03-09T11:22:53+00:00","description":"Ter\u00e0pia de parella a Sabadell o en l\u00ednia. Consulta els nostres experts en ter\u00e0pia matrimonial (discussions, distanciament, etc.). Llegir!","breadcrumb":{"@id":"https:\/\/www.centreinsight.es\/ca\/serveis\/terapia-de-parella-a-sabadell\/#breadcrumb"},"inLanguage":"ca","potentialAction":[{"@type":"ReadAction","target":["https:\/\/www.centreinsight.es\/ca\/serveis\/terapia-de-parella-a-sabadell\/"]}]},{"@type":"BreadcrumbList","@id":"https:\/\/www.centreinsight.es\/ca\/serveis\/terapia-de-parella-a-sabadell\/#breadcrumb","itemListElement":[{"@type":"ListItem","position":1,"name":"Psic\u00f3logo en Sabadell","item":"https:\/\/www.centreinsight.es\/ca\/"},{"@type":"ListItem","position":2,"name":"Serveis","item":"https:\/\/www.centreinsight.es\/ca\/servicios\/"},{"@type":"ListItem","position":3,"name":"Ter\u00e0pia de parella a sabadell"}]},{"@type":"WebSite","@id":"https:\/\/www.centreinsight.es\/ca\/#website","url":"https:\/\/www.centreinsight.es\/ca\/","name":"Centre Insight","description":"Centro de psic\u00f3logos en Sabadell","potentialAction":[{"@type":"SearchAction","target":{"@type":"EntryPoint","urlTemplate":"https:\/\/www.centreinsight.es\/ca\/?s={search_term_string}"},"query-input":{"@type":"PropertyValueSpecification","valueRequired":true,"valueName":"search_term_string"}}],"inLanguage":"ca"}]}},"_links":{"self":[{"href":"https:\/\/www.centreinsight.es\/ca\/wp-json\/wp\/v2\/pages\/9764","targetHints":{"allow":["GET"]}}],"collection":[{"href":"https:\/\/www.centreinsight.es\/ca\/wp-json\/wp\/v2\/pages"}],"about":[{"href":"https:\/\/www.centreinsight.es\/ca\/wp-json\/wp\/v2\/types\/page"}],"author":[{"embeddable":true,"href":"https:\/\/www.centreinsight.es\/ca\/wp-json\/wp\/v2\/users\/1"}],"replies":[{"embeddable":true,"href":"https:\/\/www.centreinsight.es\/ca\/wp-json\/wp\/v2\/comments?post=9764"}],"version-history":[{"count":64,"href":"https:\/\/www.centreinsight.es\/ca\/wp-json\/wp\/v2\/pages\/9764\/revisions"}],"predecessor-version":[{"id":11477,"href":"https:\/\/www.centreinsight.es\/ca\/wp-json\/wp\/v2\/pages\/9764\/revisions\/11477"}],"up":[{"embeddable":true,"href":"https:\/\/www.centreinsight.es\/ca\/wp-json\/wp\/v2\/pages\/9461"}],"wp:attachment":[{"href":"https:\/\/www.centreinsight.es\/ca\/wp-json\/wp\/v2\/media?parent=9764"}],"curies":[{"name":"wp","href":"https:\/\/api.w.org\/{rel}","templated":true}]}}