{"id":9771,"date":"2024-06-27T07:18:03","date_gmt":"2024-06-27T07:18:03","guid":{"rendered":"https:\/\/centreinsight.es\/serveis\/psicoterapia-adults-a-sabadell\/"},"modified":"2026-03-09T11:16:24","modified_gmt":"2026-03-09T11:16:24","slug":"psicoterapia-adults-a-sabadell","status":"publish","type":"page","link":"https:\/\/www.centreinsight.es\/ca\/serveis\/psicoterapia-adults-a-sabadell\/","title":{"rendered":"Psicoter\u00e0pia adults a Sabadell"},"content":{"rendered":"<section class=\"l-section wpb_row us_custom_dfa38ecb height_small color_primary\"><div class=\"l-section-overlay\" style=\"background:var(--color-header-top-transparent-bg)\"><\/div><div class=\"l-section-h i-cf\"><div class=\"g-cols vc_row via_grid cols_1 laptops-cols_inherit tablets-cols_inherit mobiles-cols_1 valign_top type_default stacking_default\"><div class=\"wpb_column vc_column_container\"><div class=\"vc_column-inner\"><div class=\"w-separator size_small\"><\/div><nav class=\"g-breadcrumbs separator_icon align_center hide_current\" itemscope itemtype=\"http:\/\/schema.org\/BreadcrumbList\"><div class=\"g-breadcrumbs-item\" itemscope itemprop=\"itemListElement\" itemtype=\"http:\/\/schema.org\/ListItem\"><a itemprop=\"item\" href=\"https:\/\/www.centreinsight.es\/ca\/\"><span itemprop=\"name\">Psic\u00f2legs a Sabadell<\/span><\/a><meta itemprop=\"position\" content=\"1\"\/><\/div><div class=\"g-breadcrumbs-separator\"><i class=\"far fa-angle-right\"><\/i><\/div><div class=\"g-breadcrumbs-item\">P\u00e0gines<\/div><\/nav><div class=\"wpb_text_column\"><div class=\"wpb_wrapper\"><h1 style=\"text-align: center;\">Psicoter\u00e0pia adults a Sabadell<\/h1>\n<\/div><\/div><div class=\"w-separator size_medium\"><\/div><div class=\"w-html\"><script defer async src='https:\/\/cdn.trustindex.io\/loader.js?15a22d1648f6364ca716ad684ed'><\/script>  <\/div><div class=\"w-hwrapper valign_middle align_center\"><div class=\"w-btn-wrapper align_center\"><a class=\"w-btn us-btn-style_1\" href=\"#contacta\"><span class=\"w-btn-label\">Demanar cita amb els nostres psic\u00f2legs<\/span><\/a><\/div><div class=\"w-btn-wrapper align_center\"><a class=\"w-btn us-btn-style_1 us_custom_6707cc48 icon_atleft\" href=\"tel:620039045\"><i class=\"fas fa-phone\"><\/i><span class=\"w-btn-label\">Trucar ara<\/span><\/a><\/div><\/div><\/div><\/div><\/div><\/div><\/section><section class=\"l-section wpb_row height_small\"><div class=\"l-section-h i-cf\"><div class=\"g-cols vc_row via_grid cols_2 laptops-cols_inherit tablets-cols_inherit mobiles-cols_1 valign_top type_default stacking_default\"><div class=\"wpb_column vc_column_container\"><div class=\"vc_column-inner\"><div class=\"w-separator size_medium\"><\/div><div class=\"wpb_text_column\"><div class=\"wpb_wrapper\"><h2>Ter\u00e0pia presencial i online per a adults<\/h2>\n<p>El dia a dia, la rutina, la fam\u00edlia, la nostra parella, el passat, amistats, la soledat\u2026 Moltes vegades la nostra vida ens porta a situacions en qu\u00e8 ens trobem malament psicol\u00f2gicament i emocionalment, tenim ansietat, estem tristos, sentim un buit vital al nostre interior i no sabem qu\u00e8 fer ni a qui acudir.<\/p>\n<p>La psicoter\u00e0pia d&#8217;adults pot ajudar-te a canviar la manera com ens veiem a nosaltres mateixos, i sobretot, a aconseguir fer un canvi en els nostres pensaments i emocions.<\/p>\n<\/div><\/div><\/div><\/div><div class=\"wpb_column vc_column_container\" id=\"contacta\"><div class=\"vc_column-inner\"><div class=\"w-separator size_medium\"><\/div><div class=\"wpb_text_column\"><div class=\"wpb_wrapper\"><h2>Contacta amb nosaltres<\/h2>\n<\/div><\/div><div class=\"w-separator size_small\"><\/div><div class=\"w-html\">\n<div class=\"wpcf7 no-js\" id=\"wpcf7-f9500-o1\" lang=\"ca\" dir=\"ltr\" data-wpcf7-id=\"9500\">\n<div class=\"screen-reader-response\"><p role=\"status\" aria-live=\"polite\" aria-atomic=\"true\"><\/p> <ul><\/ul><\/div>\n<form action=\"\/ca\/wp-json\/wp\/v2\/pages\/9771#wpcf7-f9500-o1\" method=\"post\" class=\"wpcf7-form init\" aria-label=\"Formulari de contacte\" novalidate=\"novalidate\" data-status=\"init\">\n<fieldset class=\"hidden-fields-container\"><input type=\"hidden\" name=\"_wpcf7\" value=\"9500\" \/><input type=\"hidden\" name=\"_wpcf7_version\" value=\"6.1.5\" \/><input type=\"hidden\" name=\"_wpcf7_locale\" value=\"ca\" \/><input type=\"hidden\" name=\"_wpcf7_unit_tag\" value=\"wpcf7-f9500-o1\" \/><input type=\"hidden\" name=\"_wpcf7_container_post\" value=\"0\" \/><input type=\"hidden\" name=\"_wpcf7_posted_data_hash\" value=\"\" \/>\n<\/fieldset>\n<p><label> El teu nom <span class=\"wpcf7-form-control-wrap\" data-name=\"your-name\"><input size=\"40\" maxlength=\"400\" class=\"wpcf7-form-control wpcf7-text wpcf7-validates-as-required\" autocomplete=\"name\" aria-required=\"true\" aria-invalid=\"false\" value=\"\" type=\"text\" name=\"your-name\" \/><\/span> <\/label>\n<\/p>\n<p><label> El teu correu electr\u00f2nic <span class=\"wpcf7-form-control-wrap\" data-name=\"your-email\"><input size=\"40\" maxlength=\"400\" class=\"wpcf7-form-control wpcf7-email wpcf7-validates-as-required wpcf7-text wpcf7-validates-as-email\" autocomplete=\"email\" aria-required=\"true\" aria-invalid=\"false\" value=\"\" type=\"email\" name=\"your-email\" \/><\/span> <\/label>\n<\/p>\n<p><label> El teu missatge (opcional) <span class=\"wpcf7-form-control-wrap\" data-name=\"your-message\"><textarea cols=\"40\" rows=\"10\" maxlength=\"2000\" class=\"wpcf7-form-control wpcf7-textarea\" aria-invalid=\"false\" name=\"your-message\"><\/textarea><\/span> <\/label>\n<\/p>\n<p><input class=\"wpcf7-form-control wpcf7-submit has-spinner\" type=\"submit\" value=\"Enviar\" \/>\n<\/p><div class=\"wpcf7-response-output\" aria-hidden=\"true\"><\/div>\n<\/form>\n<\/div>\n<\/div><\/div><\/div><\/div><\/div><\/section><section class=\"l-section wpb_row height_auto width_custom\" style=\"--site-content-width:1350px;\"><div class=\"l-section-h i-cf\"><div class=\"g-cols vc_row via_grid cols_2-1 laptops-cols_inherit tablets-cols_1 mobiles-cols_1 valign_top type_default stacking_default\" style=\"--columns-gap:0rem;\"><div class=\"wpb_column vc_column_container us_custom_8f4479a9\"><div class=\"vc_column-inner\"><div class=\"g-cols wpb_row via_grid cols_1 laptops-cols_1 tablets-cols_1 mobiles-cols_1 valign_middle type_default stacking_default\" style=\"--columns-gap:3rem;\"><div class=\"wpb_column vc_column_container\"><div class=\"vc_column-inner\"><div class=\"wpb_text_column\"><div class=\"wpb_wrapper\"><h3>En qu\u00e8 consisteix la ter\u00e0pia per a adults<\/h3>\n<p>El treball psicoterap\u00e8utic consisteix a, juntament amb l&#8217;ajuda del professional, saber el qu\u00e8 i el perqu\u00e8 del nostre conflicte interior o les emocions que ens fan sentir malament. Despr\u00e9s d&#8217;aix\u00f2, el proc\u00e9s terap\u00e8utic pot ajudar-te a obtenir el canvi a la teva vida que necessites i que no saps com obtenir.<\/p>\n<p>Treballem aspectes com l&#8217;ansietat, estr\u00e8s, tristesa, buits, pors, impulsivitat, problemes de relacions socials, problemes emocionals, solitud, ruptura de parella, manca del sentit de la vida, duels despr\u00e9s de la mort, etc.<\/p>\n<p>Demana la teva primera visita gratu\u00efta i parla amb un dels nostres psic\u00f2legs per comen\u00e7ar a canviar la teva manera de veure la vida.<\/p>\n<\/div><\/div><\/div><\/div><\/div><\/div><\/div><div class=\"wpb_column vc_column_container us_custom_e9512203 hide_on_tablets hide_on_mobiles has_bg_color\"><div class=\"vc_column-inner\"><\/div><\/div><\/div><\/div><\/section><section class=\"l-section wpb_row height_small\"><div class=\"l-section-h i-cf\"><div class=\"g-cols vc_row via_grid cols_1 laptops-cols_inherit tablets-cols_inherit mobiles-cols_1 valign_top type_default stacking_default\"><div class=\"wpb_column vc_column_container\"><div class=\"vc_column-inner\"><div class=\"wpb_text_column\"><div class=\"wpb_wrapper\"><h3 style=\"text-align: center;\">Qu\u00e8 opinen els nostres pacients de psicoter\u00e0pia per a adults?<\/h3>\n<\/div><\/div><div class=\"w-separator size_medium\"><\/div><div class=\"w-html\"><script defer async src='https:\/\/cdn.trustindex.io\/loader.js?ef1ec7a645aa37231186a7e2c17'><\/script><\/div><div class=\"wpb_text_column us_custom_8e09cc6b\"><div class=\"wpb_wrapper\"><p style=\"text-align: center;\">Demana la teva primera visita de <strong>psicoter\u00e0pia per a adults a sabadell<\/strong> <strong>o online<\/strong> i tra\u00e7arem el pla m\u00e9s adequat per a la teva situaci\u00f3.<\/p>\n<\/div><\/div><div class=\"w-btn-wrapper align_center\"><a class=\"w-btn us-btn-style_1 icon_atleft\" href=\"tel:620039045\"><i class=\"fas fa-phone\"><\/i><span class=\"w-btn-label\">Demaneu cita ara<\/span><\/a><\/div><\/div><\/div><\/div><\/div><\/section><section class=\"l-section wpb_row us_custom_539f15ee height_small\"><div class=\"l-section-h i-cf\"><div class=\"g-cols vc_row via_grid cols_1 laptops-cols_inherit tablets-cols_inherit mobiles-cols_1 valign_middle type_default stacking_default\"><div class=\"wpb_column vc_column_container\"><div class=\"vc_column-inner\"><h2 class=\"w-text us_custom_eb849559\"><span class=\"w-text-h\"><span class=\"w-text-value\">Preus de psicoter\u00e0pia presencial i online<\/span><\/span><\/h2><div class=\"wpb_text_column us_custom_eb849559\"><div class=\"wpb_wrapper\"><p>Tria el tipus de <strong>ter\u00e0pia per a adults<\/strong> que vols portar i reserva la teva primera visita gratu\u00efta sense cap comprom\u00eds.<\/p>\n<\/div><\/div><\/div><\/div><\/div><\/div><\/section><section class=\"l-section wpb_row us_custom_2116e4b7 height_small width_custom\" style=\"--site-content-width:1000px;\"><div class=\"l-section-h i-cf\"><div class=\"g-cols vc_row via_grid cols_2 laptops-cols_inherit tablets-cols_inherit mobiles-cols_1 valign_middle type_default stacking_default\" style=\"--columns-gap:20px;\"><div class=\"wpb_column vc_column_container us_custom_6151b393 has_bg_color\"><div class=\"vc_column-inner\"><div class=\"wpb_text_column\"><div class=\"wpb_wrapper\"><div class=\"elementor-price-table__header\">\n<h3 class=\"elementor-price-table__heading\"><span style=\"color: #318e8d;\">Psicoter\u00e0pia per a adults presencial<\/span><\/h3>\n<p>&nbsp;<\/p>\n<\/div>\n<div class=\"elementor-price-table__price\"><span class=\"elementor-price-table__integer-part\" style=\"font-size: 45px;\">60<\/span> <span class=\"elementor-price-table__currency elementor-currency--after\">\u20ac<\/span><\/div>\n<div class=\"elementor-price-table__price\"><span class=\"elementor-price-table__period elementor-typo-excluded\">Sessi\u00f3<\/span><\/div>\n<div class=\"elementor-price-table__feature-inner\" style=\"font-size: 20px;\"><strong><mark>Primera Visita Gratu\u00efta<\/mark><\/strong><\/div>\n<\/div><\/div><div class=\"w-btn-wrapper align_none\"><a class=\"w-btn us-btn-style_1 icon_atleft\" href=\"tel:620039045\"><i class=\"fas fa-phone\"><\/i><span class=\"w-btn-label\">trucar sense comprom\u00eds<\/span><\/a><\/div><\/div><\/div><div class=\"wpb_column vc_column_container us_custom_6151b393 has_bg_color\"><div class=\"vc_column-inner\"><div class=\"wpb_text_column\"><div class=\"wpb_wrapper\"><div class=\"elementor-price-table__header\">\n<h3 class=\"elementor-price-table__heading\"><span style=\"color: #318e8d;\">Psicoter\u00e0pia per a adults online<\/span><\/h3>\n<p>&nbsp;<\/p>\n<\/div>\n<div class=\"elementor-price-table__price\"><span class=\"elementor-price-table__integer-part\" style=\"font-size: 45px;\">60<\/span> <span class=\"elementor-price-table__currency elementor-currency--after\">\u20ac<\/span><\/div>\n<div class=\"elementor-price-table__price\"><span class=\"elementor-price-table__period elementor-typo-excluded\">Sessi\u00f3<\/span><\/div>\n<div class=\"elementor-price-table__feature-inner\" style=\"font-size: 20px;\"><strong><mark>Primera<\/mark><\/strong> <strong><mark>Visita Gratu\u00efta<\/mark><\/strong><\/div>\n<\/div><\/div><div class=\"w-btn-wrapper align_none\"><a class=\"w-btn us-btn-style_1 icon_atleft\" href=\"tel:620039045\"><i class=\"fas fa-phone\"><\/i><span class=\"w-btn-label\">trucar sense comprom\u00eds<\/span><\/a><\/div><\/div><\/div><\/div><\/div><\/section>\n","protected":false},"excerpt":{"rendered":"Psic\u00f2legs a SabadellP\u00e0ginesPsicoter\u00e0pia adults a Sabadell Demanar cita amb els nostres psic\u00f2legsTrucar araTer\u00e0pia presencial i online per a adults El dia a dia, la rutina, la fam\u00edlia, la nostra parella, el passat, amistats, la soledat\u2026 Moltes vegades la nostra vida ens porta a situacions en qu\u00e8 ens trobem malament psicol\u00f2gicament i emocionalment, tenim ansietat, estem...","protected":false},"author":1,"featured_media":0,"parent":9461,"menu_order":0,"comment_status":"closed","ping_status":"closed","template":"","meta":{"footnotes":""},"class_list":["post-9771","page","type-page","status-publish","hentry"],"yoast_head":"<!-- This site is optimized with the Yoast SEO plugin v27.5 - https:\/\/yoast.com\/product\/yoast-seo-wordpress\/ -->\n<title>Ter\u00e0pia a Sabadell | Coaching Sabadell | InSight<\/title>\n<meta name=\"description\" content=\"Ter\u00e0pia a Sabadell | Coaching Sabadell | Psicologia a Sabadell. Primera visita gratu\u00efta.\" \/>\n<meta name=\"robots\" content=\"index, follow, max-snippet:-1, max-image-preview:large, max-video-preview:-1\" \/>\n<link rel=\"canonical\" href=\"https:\/\/www.centreinsight.es\/ca\/serveis\/psicoterapia-adults-a-sabadell\/\" \/>\n<meta property=\"og:locale\" content=\"ca_ES\" \/>\n<meta property=\"og:type\" content=\"article\" \/>\n<meta property=\"og:title\" content=\"Ter\u00e0pia a Sabadell | Coaching Sabadell | InSight\" \/>\n<meta property=\"og:description\" content=\"Ter\u00e0pia a Sabadell | Coaching Sabadell | Psicologia a Sabadell. Primera visita gratu\u00efta.\" \/>\n<meta property=\"og:url\" content=\"https:\/\/www.centreinsight.es\/ca\/serveis\/psicoterapia-adults-a-sabadell\/\" \/>\n<meta property=\"og:site_name\" content=\"Centre Insight\" \/>\n<meta property=\"article:publisher\" content=\"https:\/\/www.facebook.com\/centrepsicologiainsight\" \/>\n<meta property=\"article:modified_time\" content=\"2026-03-09T11:16:24+00:00\" \/>\n<meta name=\"twitter:card\" content=\"summary_large_image\" \/>\n<meta name=\"twitter:site\" content=\"@Insightsbd\" \/>\n<meta name=\"twitter:label1\" content=\"Temps estimat de lectura\" \/>\n\t<meta name=\"twitter:data1\" content=\"5 minuts\" \/>\n<script type=\"application\/ld+json\" class=\"yoast-schema-graph\">{\"@context\":\"https:\\\/\\\/schema.org\",\"@graph\":[{\"@type\":\"WebPage\",\"@id\":\"https:\\\/\\\/www.centreinsight.es\\\/ca\\\/serveis\\\/psicoterapia-adults-a-sabadell\\\/\",\"url\":\"https:\\\/\\\/www.centreinsight.es\\\/ca\\\/serveis\\\/psicoterapia-adults-a-sabadell\\\/\",\"name\":\"Ter\u00e0pia a Sabadell | Coaching Sabadell | InSight\",\"isPartOf\":{\"@id\":\"https:\\\/\\\/www.centreinsight.es\\\/ca\\\/#website\"},\"datePublished\":\"2024-06-27T07:18:03+00:00\",\"dateModified\":\"2026-03-09T11:16:24+00:00\",\"description\":\"Ter\u00e0pia a Sabadell | Coaching Sabadell | Psicologia a Sabadell. Primera visita gratu\u00efta.\",\"breadcrumb\":{\"@id\":\"https:\\\/\\\/www.centreinsight.es\\\/ca\\\/serveis\\\/psicoterapia-adults-a-sabadell\\\/#breadcrumb\"},\"inLanguage\":\"ca\",\"potentialAction\":[{\"@type\":\"ReadAction\",\"target\":[\"https:\\\/\\\/www.centreinsight.es\\\/ca\\\/serveis\\\/psicoterapia-adults-a-sabadell\\\/\"]}]},{\"@type\":\"BreadcrumbList\",\"@id\":\"https:\\\/\\\/www.centreinsight.es\\\/ca\\\/serveis\\\/psicoterapia-adults-a-sabadell\\\/#breadcrumb\",\"itemListElement\":[{\"@type\":\"ListItem\",\"position\":1,\"name\":\"Psic\u00f3logo en Sabadell\",\"item\":\"https:\\\/\\\/www.centreinsight.es\\\/ca\\\/\"},{\"@type\":\"ListItem\",\"position\":2,\"name\":\"Serveis\",\"item\":\"https:\\\/\\\/www.centreinsight.es\\\/ca\\\/servicios\\\/\"},{\"@type\":\"ListItem\",\"position\":3,\"name\":\"Psicoter\u00e0pia adults a Sabadell\"}]},{\"@type\":\"WebSite\",\"@id\":\"https:\\\/\\\/www.centreinsight.es\\\/ca\\\/#website\",\"url\":\"https:\\\/\\\/www.centreinsight.es\\\/ca\\\/\",\"name\":\"Centre Insight\",\"description\":\"Centro de psic\u00f3logos en Sabadell\",\"potentialAction\":[{\"@type\":\"SearchAction\",\"target\":{\"@type\":\"EntryPoint\",\"urlTemplate\":\"https:\\\/\\\/www.centreinsight.es\\\/ca\\\/?s={search_term_string}\"},\"query-input\":{\"@type\":\"PropertyValueSpecification\",\"valueRequired\":true,\"valueName\":\"search_term_string\"}}],\"inLanguage\":\"ca\"}]}<\/script>\n<!-- \/ Yoast SEO plugin. -->","yoast_head_json":{"title":"Ter\u00e0pia a Sabadell | Coaching Sabadell | InSight","description":"Ter\u00e0pia a Sabadell | Coaching Sabadell | Psicologia a Sabadell. Primera visita gratu\u00efta.","robots":{"index":"index","follow":"follow","max-snippet":"max-snippet:-1","max-image-preview":"max-image-preview:large","max-video-preview":"max-video-preview:-1"},"canonical":"https:\/\/www.centreinsight.es\/ca\/serveis\/psicoterapia-adults-a-sabadell\/","og_locale":"ca_ES","og_type":"article","og_title":"Ter\u00e0pia a Sabadell | Coaching Sabadell | InSight","og_description":"Ter\u00e0pia a Sabadell | Coaching Sabadell | Psicologia a Sabadell. Primera visita gratu\u00efta.","og_url":"https:\/\/www.centreinsight.es\/ca\/serveis\/psicoterapia-adults-a-sabadell\/","og_site_name":"Centre Insight","article_publisher":"https:\/\/www.facebook.com\/centrepsicologiainsight","article_modified_time":"2026-03-09T11:16:24+00:00","twitter_card":"summary_large_image","twitter_site":"@Insightsbd","twitter_misc":{"Temps estimat de lectura":"5 minuts"},"schema":{"@context":"https:\/\/schema.org","@graph":[{"@type":"WebPage","@id":"https:\/\/www.centreinsight.es\/ca\/serveis\/psicoterapia-adults-a-sabadell\/","url":"https:\/\/www.centreinsight.es\/ca\/serveis\/psicoterapia-adults-a-sabadell\/","name":"Ter\u00e0pia a Sabadell | Coaching Sabadell | InSight","isPartOf":{"@id":"https:\/\/www.centreinsight.es\/ca\/#website"},"datePublished":"2024-06-27T07:18:03+00:00","dateModified":"2026-03-09T11:16:24+00:00","description":"Ter\u00e0pia a Sabadell | Coaching Sabadell | Psicologia a Sabadell. Primera visita gratu\u00efta.","breadcrumb":{"@id":"https:\/\/www.centreinsight.es\/ca\/serveis\/psicoterapia-adults-a-sabadell\/#breadcrumb"},"inLanguage":"ca","potentialAction":[{"@type":"ReadAction","target":["https:\/\/www.centreinsight.es\/ca\/serveis\/psicoterapia-adults-a-sabadell\/"]}]},{"@type":"BreadcrumbList","@id":"https:\/\/www.centreinsight.es\/ca\/serveis\/psicoterapia-adults-a-sabadell\/#breadcrumb","itemListElement":[{"@type":"ListItem","position":1,"name":"Psic\u00f3logo en Sabadell","item":"https:\/\/www.centreinsight.es\/ca\/"},{"@type":"ListItem","position":2,"name":"Serveis","item":"https:\/\/www.centreinsight.es\/ca\/servicios\/"},{"@type":"ListItem","position":3,"name":"Psicoter\u00e0pia adults a Sabadell"}]},{"@type":"WebSite","@id":"https:\/\/www.centreinsight.es\/ca\/#website","url":"https:\/\/www.centreinsight.es\/ca\/","name":"Centre Insight","description":"Centro de psic\u00f3logos en Sabadell","potentialAction":[{"@type":"SearchAction","target":{"@type":"EntryPoint","urlTemplate":"https:\/\/www.centreinsight.es\/ca\/?s={search_term_string}"},"query-input":{"@type":"PropertyValueSpecification","valueRequired":true,"valueName":"search_term_string"}}],"inLanguage":"ca"}]}},"_links":{"self":[{"href":"https:\/\/www.centreinsight.es\/ca\/wp-json\/wp\/v2\/pages\/9771","targetHints":{"allow":["GET"]}}],"collection":[{"href":"https:\/\/www.centreinsight.es\/ca\/wp-json\/wp\/v2\/pages"}],"about":[{"href":"https:\/\/www.centreinsight.es\/ca\/wp-json\/wp\/v2\/types\/page"}],"author":[{"embeddable":true,"href":"https:\/\/www.centreinsight.es\/ca\/wp-json\/wp\/v2\/users\/1"}],"replies":[{"embeddable":true,"href":"https:\/\/www.centreinsight.es\/ca\/wp-json\/wp\/v2\/comments?post=9771"}],"version-history":[{"count":37,"href":"https:\/\/www.centreinsight.es\/ca\/wp-json\/wp\/v2\/pages\/9771\/revisions"}],"predecessor-version":[{"id":11471,"href":"https:\/\/www.centreinsight.es\/ca\/wp-json\/wp\/v2\/pages\/9771\/revisions\/11471"}],"up":[{"embeddable":true,"href":"https:\/\/www.centreinsight.es\/ca\/wp-json\/wp\/v2\/pages\/9461"}],"wp:attachment":[{"href":"https:\/\/www.centreinsight.es\/ca\/wp-json\/wp\/v2\/media?parent=9771"}],"curies":[{"name":"wp","href":"https:\/\/api.w.org\/{rel}","templated":true}]}}